{"id":12,"date":"2019-09-25T17:17:27","date_gmt":"2019-09-25T15:17:27","guid":{"rendered":"http:\/\/shop.sammelmarken.de\/?page_id=12"},"modified":"2026-01-07T21:41:22","modified_gmt":"2026-01-07T20:41:22","slug":"impressum","status":"publish","type":"page","link":"https:\/\/www.sammelmarken.de\/?page_id=12","title":{"rendered":"Impressum"},"content":{"rendered":"\n<h2 class=\"wp-block-heading\">Angaben gem\u00e4\u00df \u00a7 5 TMG:<\/h2>\n\n\n\n<p>Martin Winking<br>Heidhauser Str. 270<br>45239 Essen<br>Mitglied im Bundesverband deutscher Philatelisten e.V. (BDPh)<br>Mitglied der IHK Essen<\/p>\n\n\n\n<h2 class=\"wp-block-heading\">Kontakt:<\/h2>\n\n\n\n<p>E-Mail: <span \n                data-original-string='NMMSHJe\/m30+pJabBQCApw==24a0E7TFIReeNh7t9kIsxzrmCzIQajvTupiJk5aEMk1rNI='\n                class='apbct-email-encoder'\n                title='Dieser Kontakt wurde von Anti-Spam by CleanTalk verschl\u00fcsselt. Klicken Sie hier, um ihn zu entschl\u00fcsseln. Sollte der Kontakt danach nicht angezeigt werden, \u00fcberpr\u00fcfen Sie bitte, dass JavaScript in Ihrem Browser aktiviert ist.'>in<span class=\"apbct-blur\">**<\/span>@<span class=\"apbct-blur\">**********<\/span>en.de<\/span><br>Telefon: (0201) 490 12 10<br>Telefax: (0201) 490 12 11<\/p>\n\n\n\n<h1 class=\"wp-block-heading\">Haftungsausschluss (Disclaimer)<\/h1>\n\n\n\n<p><strong>Haftung f\u00fcr Inhalte<\/strong><\/p>\n\n\n\n<p>Als Diensteanbieter bin&nbsp;ich gem\u00e4\u00df \u00a7 7 Abs.1 TMG f\u00fcr eigene Inhalte auf diesen Seiten nach den allgemeinen Gesetzen verantwortlich. Nach \u00a7\u00a7 8 bis 10 TMG bin&nbsp;ich als Diensteanbieter jedoch nicht verpflichtet, \u00fcbermittelte oder gespeicherte fremde Informationen zu \u00fcberwachen oder nach Umst\u00e4nden zu forschen, die auf eine rechtswidrige T\u00e4tigkeit hinweisen. Verpflichtungen zur Entfernung oder Sperrung der Nutzung von Informationen nach den allgemeinen Gesetzen bleiben hiervon unber\u00fchrt. Eine diesbez\u00fcgliche Haftung ist jedoch erst ab dem Zeitpunkt der Kenntnis einer konkreten Rechtsverletzung m\u00f6glich. Bei Bekanntwerden von entsprechenden Rechtsverletzungen werde ich&nbsp;diese Inhalte umgehend entfernen.<\/p>\n\n\n\n<p><strong>Haftung f\u00fcr Links<\/strong><\/p>\n\n\n\n<p>Mein&nbsp;Angebot enth\u00e4lt Links zu externen Webseiten Dritter, auf deren Inhalte ich&nbsp;keinen Einfluss habe. Deshalb kann&nbsp;ich f\u00fcr diese fremden Inhalte auch keine Gew\u00e4hr \u00fcbernehmen. F\u00fcr die Inhalte der verlinkten Seiten ist stets der jeweilige Anbieter oder Betreiber der Seiten verantwortlich. Die verlinkten Seiten wurden zum Zeitpunkt der Verlinkung auf m\u00f6gliche Rechtsverst\u00f6\u00dfe \u00fcberpr\u00fcft. Rechtswidrige Inhalte waren zum Zeitpunkt der Verlinkung nicht erkennbar. Eine permanente inhaltliche Kontrolle der verlinkten Seiten ist jedoch ohne konkrete Anhaltspunkte einer Rechtsverletzung nicht zumutbar. Bei Bekanntwerden von Rechtsverletzungen werde ich&nbsp;derartige Links umgehend entfernen.<\/p>\n\n\n\n<p><strong>Urheberrecht<\/strong><\/p>\n\n\n\n<p>Die durch die Seitenbetreiber erstellten Inhalte und Werke auf diesen Seiten unterliegen dem deutschen Urheberrecht. Die Vervielf\u00e4ltigung, Bearbeitung, Verbreitung und jede Art der Verwertung au\u00dferhalb der Grenzen des Urheberrechtes bed\u00fcrfen der schriftlichen Zustimmung des jeweiligen Autors bzw. Erstellers. Downloads und Kopien dieser Seite sind nur f\u00fcr den privaten, nicht kommerziellen Gebrauch gestattet. Soweit die Inhalte auf dieser Seite nicht vom Betreiber erstellt wurden, werden die Urheberrechte Dritter beachtet. Insbesondere werden Inhalte Dritter als solche gekennzeichnet. Sollten Sie trotzdem auf eine Urheberrechtsverletzung aufmerksam werden, bitte ich&nbsp;um einen entsprechenden Hinweis. Bei Bekanntwerden von Rechtsverletzungen werde ich&nbsp;derartige Inhalte umgehend entfernen.<\/p>\n\n\n\n<p><strong>Datenschutzhinweise gem. Datenschutzgrundverordnung (DSGVO)<\/strong><\/p>\n\n\n\n<p>Die kompletten Datenschutzhinweise f\u00fcr diese Webseite finden Sie im Men\u00fc am unteren Ende der Seite unter dem Punkt \u201eRechtliches\u201c \u2013 \u201eDatenschutz\u201c.<\/p>\n\n\n\n<p><strong>Rechtliche Hinweise<\/strong><\/p>\n\n\n\n<p><a href=\"http:\/\/ec.europa.eu\/consumers\/odr\/\">Link zur Plattform der Europ\u00e4ischen Kommission<\/a><br>gem\u00e4\u00df der Verordnung \u00fcber Online-Streitbeilegung in Verbraucherangelegenheiten. Zur Teilnahme an einem Streitbeilegungsverfahren vor einer Verbraucherschlichtungsstelle bin ich&nbsp;nicht verpflichtet und nicht bereit.<\/p>\n\n\n<div class=\"woocommerce woocommerce-gzd woocommerce-gzd-complaints-shortcode\">\n\t\t\t<h3>Alternative Streitbeilegung gem\u00e4\u00df Art. 14 Abs. 1 ODR-VO und \u00a7 36 VSBG:<\/h3>\n\t\nVerbraucher haben die M\u00f6glichkeit, sich f\u00fcr die Beilegung ihrer Streitigkeiten an [Name, Anschrift, Webseite der Schlichtungsstelle] zu wenden. Wir sind verpflichtet, an Verfahren zur Streitbeilegung vor dieser Stelle teilzunehmen. Wir werden an einem solchen Verfahren teilnehmen.<\/div>","protected":false},"excerpt":{"rendered":"<p>Angaben gem\u00e4\u00df \u00a7 5 TMG: Martin WinkingHeidhauser Str. 27045239 EssenMitglied im Bundesverband deutscher Philatelisten e.V. (BDPh)Mitglied der IHK Essen Kontakt: E-Mail: in**@**********en.deTelefon: (0201) 490 12 10Telefax: (0201) 490 12 11 Haftungsausschluss (Disclaimer) Haftung f\u00fcr Inhalte Als Diensteanbieter bin&nbsp;ich gem\u00e4\u00df \u00a7 7 Abs.1 TMG f\u00fcr eigene Inhalte auf diesen Seiten nach den allgemeinen Gesetzen verantwortlich. Nach [&hellip;]<\/p>\n","protected":false},"author":1,"featured_media":0,"parent":0,"menu_order":0,"comment_status":"closed","ping_status":"closed","template":"","meta":{"footnotes":""},"class_list":["post-12","page","type-page","status-publish","hentry"],"jetpack_sharing_enabled":true,"_links":{"self":[{"href":"https:\/\/www.sammelmarken.de\/index.php?rest_route=\/wp\/v2\/pages\/12","targetHints":{"allow":["GET"]}}],"collection":[{"href":"https:\/\/www.sammelmarken.de\/index.php?rest_route=\/wp\/v2\/pages"}],"about":[{"href":"https:\/\/www.sammelmarken.de\/index.php?rest_route=\/wp\/v2\/types\/page"}],"author":[{"embeddable":true,"href":"https:\/\/www.sammelmarken.de\/index.php?rest_route=\/wp\/v2\/users\/1"}],"replies":[{"embeddable":true,"href":"https:\/\/www.sammelmarken.de\/index.php?rest_route=%2Fwp%2Fv2%2Fcomments&post=12"}],"version-history":[{"count":12,"href":"https:\/\/www.sammelmarken.de\/index.php?rest_route=\/wp\/v2\/pages\/12\/revisions"}],"predecessor-version":[{"id":22000,"href":"https:\/\/www.sammelmarken.de\/index.php?rest_route=\/wp\/v2\/pages\/12\/revisions\/22000"}],"wp:attachment":[{"href":"https:\/\/www.sammelmarken.de\/index.php?rest_route=%2Fwp%2Fv2%2Fmedia&parent=12"}],"curies":[{"name":"wp","href":"https:\/\/api.w.org\/{rel}","templated":true}]}}