{"id":14,"date":"2019-09-25T17:17:27","date_gmt":"2019-09-25T15:17:27","guid":{"rendered":"http:\/\/shop.sammelmarken.de\/?page_id=14"},"modified":"2026-01-07T21:43:05","modified_gmt":"2026-01-07T20:43:05","slug":"widerrufsbelehrung","status":"publish","type":"page","link":"https:\/\/www.sammelmarken.de\/?page_id=14","title":{"rendered":"Widerrufsbelehrung"},"content":{"rendered":"\n<p>Widerrufsrecht<br>Sie haben das Recht, binnen 31 Tagen ohne Angabe von Gr\u00fcnden diesen Vertrag zu widerrufen.<br>Die Widerrufsfrist betr\u00e4gt 31 Tage ab dem Tag an dem Sie oder ein von Ihnen benannter Dritter, der nicht der Bef\u00f6rderer ist, die Waren in Besitz genommen haben bzw. hat. Um Ihr Widerrufsrecht auszu\u00fcben, m\u00fcssen Sie mich\u00a0<br><br>Martin Winking<br>Heidhauser Str. 270<br>45239 Essen<br>E-Mail: <span \n                data-original-string='CmgCDIpDpig0LSrf3HwySA==24aUyzlCNSHFBmPQInsoxgYTNvdoVD8SRZJ0xl\/snRSvnU='\n                class='apbct-email-encoder'\n                title='Dieser Kontakt wurde von Anti-Spam by CleanTalk verschl\u00fcsselt. Klicken Sie hier, um ihn zu entschl\u00fcsseln. Sollte der Kontakt danach nicht angezeigt werden, \u00fcberpr\u00fcfen Sie bitte, dass JavaScript in Ihrem Browser aktiviert ist.'>in<span class=\"apbct-blur\">**<\/span>@<span class=\"apbct-blur\">**********<\/span>en.de<\/span>\u00a0<br>Telefax:\u00a00201-4901211<br><br>mittels einer eindeutigen Erkl\u00e4rung (z. B. ein mit der Post versandter Brief, Telefax oder E-Mail) \u00fcber Ihren Entschluss, diesen Vertrag zu widerrufen, informieren. Sie k\u00f6nnen daf\u00fcr das beigef\u00fcgte Muster-Widerrufsformular verwenden oder eine andere eindeutige Erkl\u00e4rung elektronisch ausf\u00fcllen und \u00fcbermitteln. Machen Sie von dieser M\u00f6glichkeit Gebrauch, so werde ich\u00a0Ihnen unverz\u00fcglich (z. B. per E-Mail) eine Best\u00e4tigung \u00fcber den Eingang eines solchen Widerrufs \u00fcbermitteln.<br>Zur Wahrung der Widerrufsfrist reicht es aus, dass Sie die Mitteilung \u00fcber die Aus\u00fcbung des Widerrufsrechts vor Ablauf der Widerrufsfrist absenden.<br><br>Folgen des Widerrufs<br>Wenn Sie diesen Vertrag widerrufen, habe ich\u00a0Ihnen alle Zahlungen, die ich von Ihnen erhalten habe, einschlie\u00dflich der Lieferkosten (mit Ausnahme der zus\u00e4tzlichen Kosten, die sich daraus ergeben, dass Sie eine andere Art der Lieferung als die von mir\u00a0angebotene, g\u00fcnstigste Standardlieferung\u00a0gew\u00e4hlt haben), unverz\u00fcglich und sp\u00e4testens binnen vierzehn Tagen ab dem Tag zur\u00fcckzuzahlen, an dem die Mitteilung \u00fcber Ihren Widerruf dieses Vertrags bei mir\u00a0eingegangen ist. F\u00fcr diese R\u00fcckzahlung verwende ich\u00a0dasselbe Zahlungsmittel, das Sie bei der urspr\u00fcnglichen Transaktion eingesetzt haben, es sei denn, mit Ihnen wurde ausdr\u00fccklich etwas anderes vereinbart; in keinem Fall werden Ihnen wegen dieser R\u00fcckzahlung Entgelte berechnet. Ich\u00a0kann die R\u00fcckzahlung verweigern, bis ich\u00a0die Waren wieder zur\u00fcckerhalten habe oder bis Sie den Nachweis erbracht haben, dass Sie die Waren zur\u00fcckgesandt haben, je nachdem, welches der fr\u00fchere Zeitpunkt ist.<br>Sie haben die Waren unverz\u00fcglich und in jedem Fall sp\u00e4testens binnen vierzehn Tagen ab dem Tag, an dem Sie mich\u00a0\u00fcber den Widerruf dieses Vertrags unterrichten, an mich\u00a0zur\u00fcckzusenden oder zu \u00fcbergeben. Die Frist ist gewahrt, wenn Sie die Waren vor Ablauf der Frist von vierzehn Tagen absenden.<br>Sie haben die Kosten der R\u00fccksendung zu tragen, wenn die gelieferte Ware der Produktbeschreibung\u00a0entspricht und wenn die H\u00f6he der Versandkosten den Kaufpreis der zur\u00fcckzusendenden Ware\u00a0\u00fcbersteigt. Anderenfalls ist die R\u00fccksendung f\u00fcr Sie kostenfrei.<br>Sie m\u00fcssen f\u00fcr einen etwaigen Wertverlust der Waren nur aufkommen, wenn dieser Wertverlust auf einen zur Pr\u00fcfung der Beschaffenheit, Eigenschaften und Funktionsweise der Waren nicht notwendigen Umgang mit ihnen zur\u00fcckzuf\u00fchren ist.<br><br>Muster-Widerrufsformular<br>Wenn Sie den Vertrag widerrufen wollen, dann f\u00fcllen Sie bitte dieses Formular aus und senden Sie es zur\u00fcck an Martin Winking,\u00a0Kellerstr. 16,\u00a045239 Essen,\u00a0E-Mail:\u00a0<span \n                data-original-string='UHsmK9Ndxop2UUszFthH7A==24aVJLIwMyPDcXEbUGQzwspzxA2bQ\/7HV1j02O2+E3lOXk='\n                class='apbct-email-encoder'\n                title='Dieser Kontakt wurde von Anti-Spam by CleanTalk verschl\u00fcsselt. Klicken Sie hier, um ihn zu entschl\u00fcsseln. Sollte der Kontakt danach nicht angezeigt werden, \u00fcberpr\u00fcfen Sie bitte, dass JavaScript in Ihrem Browser aktiviert ist.'>in<span class=\"apbct-blur\">**<\/span>@<span class=\"apbct-blur\">***********<\/span>en.de<\/span>, Telefax: 0201-4901211<br><br>Hiermit widerrufe(n) ich\/wir (*) den von mir\/uns (*) abgeschlossenen Vertrag \u00fcber den Kauf der folgenden Waren:<br>Bestellt am:<br>Erhalten am:<br>Name des\/der Verbraucher(s) (nur bei Mitteilung auf Papier)<br>Datum:<\/p>\n\n\n\n<p>* Unzutreffendes streichen<\/p>\n\n\n\n<p><em>Ende der Widerrufsbelehrung<\/em><\/p>\n","protected":false},"excerpt":{"rendered":"<p>WiderrufsrechtSie haben das Recht, binnen 31 Tagen ohne Angabe von Gr\u00fcnden diesen Vertrag zu widerrufen.Die Widerrufsfrist betr\u00e4gt 31 Tage ab dem Tag an dem Sie oder ein von Ihnen benannter Dritter, der nicht der Bef\u00f6rderer ist, die Waren in Besitz genommen haben bzw. hat. Um Ihr Widerrufsrecht auszu\u00fcben, m\u00fcssen Sie mich\u00a0 Martin WinkingHeidhauser Str. 27045239 [&hellip;]<\/p>\n","protected":false},"author":1,"featured_media":0,"parent":0,"menu_order":0,"comment_status":"closed","ping_status":"closed","template":"","meta":{"footnotes":""},"class_list":["post-14","page","type-page","status-publish","hentry"],"jetpack_sharing_enabled":true,"_links":{"self":[{"href":"https:\/\/www.sammelmarken.de\/index.php?rest_route=\/wp\/v2\/pages\/14","targetHints":{"allow":["GET"]}}],"collection":[{"href":"https:\/\/www.sammelmarken.de\/index.php?rest_route=\/wp\/v2\/pages"}],"about":[{"href":"https:\/\/www.sammelmarken.de\/index.php?rest_route=\/wp\/v2\/types\/page"}],"author":[{"embeddable":true,"href":"https:\/\/www.sammelmarken.de\/index.php?rest_route=\/wp\/v2\/users\/1"}],"replies":[{"embeddable":true,"href":"https:\/\/www.sammelmarken.de\/index.php?rest_route=%2Fwp%2Fv2%2Fcomments&post=14"}],"version-history":[{"count":3,"href":"https:\/\/www.sammelmarken.de\/index.php?rest_route=\/wp\/v2\/pages\/14\/revisions"}],"predecessor-version":[{"id":22001,"href":"https:\/\/www.sammelmarken.de\/index.php?rest_route=\/wp\/v2\/pages\/14\/revisions\/22001"}],"wp:attachment":[{"href":"https:\/\/www.sammelmarken.de\/index.php?rest_route=%2Fwp%2Fv2%2Fmedia&parent=14"}],"curies":[{"name":"wp","href":"https:\/\/api.w.org\/{rel}","templated":true}]}}