{"id":15,"date":"2019-09-25T17:17:27","date_gmt":"2019-09-25T15:17:27","guid":{"rendered":"http:\/\/shop.sammelmarken.de\/?page_id=15"},"modified":"2025-02-09T14:44:50","modified_gmt":"2025-02-09T13:44:50","slug":"versandarten","status":"publish","type":"page","link":"https:\/\/www.sammelmarken.de\/?page_id=15","title":{"rendered":"Versand"},"content":{"rendered":"\n<p>Die Versandarten variieren nach Art und Menge der Artikel im Warenkorb. In der Regel erfolgt der Versand als Brief oder Paket mit der Deutschen Post \/ DHL. Wahlweise kann der Versand auch als Einschreiben oder Wertbrief erfolgen. Dazu muss nur die entsprechende Zusatzleistung aus dem Bereich &#8222;Service&#8220; in den Warenkorb gelegt werden.<\/p>\n\n\n\n<p>In L\u00e4nder au\u00dferhalb Deutschlands erfolgt der Versand als internationales Paket, wahlweise unversichert oder versichert. Ein Versand als einfacher Brief ist ins Ausland leider nicht m\u00f6glich, da international Waren nur in Paketen und au\u00dferhalb der EU mit einer Zollanmeldung erlaubt sind. Die Zollanmeldung \u00fcbernehme ich selbstverst\u00e4ndlich f\u00fcr Sie.<\/p>\n\n\n\n<p>Die Kosten f\u00fcr die jeweils verf\u00fcgbaren Versandformen werden direkt im Warenkorb angezeigt.<\/p>\n\n\n\n<p>Sollten Sie  aus pers\u00f6nlichen Gr\u00fcnden keine Lieferung mit der Deutschen Post \/ DHL w\u00fcnschen, k\u00f6nnen Sie sich auch gerne bei mir melden und wir finden eine andere M\u00f6glichkeit (DPD, Hermes, UPS usw&#8230;).<\/p>\n","protected":false},"excerpt":{"rendered":"<p>Die Versandarten variieren nach Art und Menge der Artikel im Warenkorb. In der Regel erfolgt der Versand als Brief oder Paket mit der Deutschen Post \/ DHL. Wahlweise kann der Versand auch als Einschreiben oder Wertbrief erfolgen. Dazu muss nur die entsprechende Zusatzleistung aus dem Bereich &#8222;Service&#8220; in den Warenkorb gelegt werden. In L\u00e4nder au\u00dferhalb [&hellip;]<\/p>\n","protected":false},"author":1,"featured_media":0,"parent":0,"menu_order":0,"comment_status":"closed","ping_status":"closed","template":"","meta":{"footnotes":""},"class_list":["post-15","page","type-page","status-publish","hentry"],"jetpack_sharing_enabled":true,"_links":{"self":[{"href":"https:\/\/www.sammelmarken.de\/index.php?rest_route=\/wp\/v2\/pages\/15","targetHints":{"allow":["GET"]}}],"collection":[{"href":"https:\/\/www.sammelmarken.de\/index.php?rest_route=\/wp\/v2\/pages"}],"about":[{"href":"https:\/\/www.sammelmarken.de\/index.php?rest_route=\/wp\/v2\/types\/page"}],"author":[{"embeddable":true,"href":"https:\/\/www.sammelmarken.de\/index.php?rest_route=\/wp\/v2\/users\/1"}],"replies":[{"embeddable":true,"href":"https:\/\/www.sammelmarken.de\/index.php?rest_route=%2Fwp%2Fv2%2Fcomments&post=15"}],"version-history":[{"count":19,"href":"https:\/\/www.sammelmarken.de\/index.php?rest_route=\/wp\/v2\/pages\/15\/revisions"}],"predecessor-version":[{"id":21920,"href":"https:\/\/www.sammelmarken.de\/index.php?rest_route=\/wp\/v2\/pages\/15\/revisions\/21920"}],"wp:attachment":[{"href":"https:\/\/www.sammelmarken.de\/index.php?rest_route=%2Fwp%2Fv2%2Fmedia&parent=15"}],"curies":[{"name":"wp","href":"https:\/\/api.w.org\/{rel}","templated":true}]}}