{"id":16,"date":"2019-09-25T17:17:27","date_gmt":"2019-09-25T15:17:27","guid":{"rendered":"http:\/\/shop.sammelmarken.de\/?page_id=16"},"modified":"2023-11-04T13:52:32","modified_gmt":"2023-11-04T12:52:32","slug":"bezahlmoeglichkeiten","status":"publish","type":"page","link":"https:\/\/www.sammelmarken.de\/?page_id=16","title":{"rendered":"Zahlungsarten"},"content":{"rendered":"<div class=\"woocommerce woocommerce-gzd\">\n\t<ul class=\"payment_methods methods\">\n\t\t\t\t\t<li class=\"payment_method_bacs\">\n\t\t\t\t<label>Bank\u00fcberweisung<\/label>\n\t\t\t\t\t\t\t\t\t<div class=\"payment_box payment_method_bacs\">\n\t\t\t\t\t\t<p>Bitte \u00fcberweisen Sie innerhalb von 5 Werktagen an meine Bankverbindung. Bitte nutzen Sie die Bestellnummer als Verwendungszweck. Die Bestellung wird erst nach Geldeingang auf meinem Konto versandt. Erfolgt innerhalb von 10 Tagen kein Eingang, wird die Bestellung automatisch storniert.<\/p>\n\t\t\t\t\t<\/div>\n\t\t\t\t\t\t\t<\/li>\n\t\t\t\t\t<li class=\"payment_method_paypal\">\n\t\t\t\t<label>PayPal<img data-recalc-dims=\"1\" decoding=\"async\" src=\"https:\/\/i0.wp.com\/www.sammelmarken.de\/wp-content\/plugins\/woocommerce\/assets\/images\/paypal.png?w=810&#038;ssl=1\" alt=\"\u201ePaypal akzeptiert\u201c-Logo\" \/><\/label>\n\t\t\t\t\t\t\t\t\t<div class=\"payment_box payment_method_paypal\">\n\t\t\t\t\t\t<p>Bezahlen Sie sicher \u00fcber Paypal mit K\u00e4uferschutz. Sollten Sie keinen Paypal-Account besitzen, k\u00f6nnen Sie auch mit Ihrer Kreditkarte bezahlen.<\/p>\n\t\t\t\t\t<\/div>\n\t\t\t\t\t\t\t<\/li>\n\t\t\t\t\t<li class=\"payment_method_invoice\">\n\t\t\t\t<label>Rechnung<\/label>\n\t\t\t\t\t\t\t\t\t<div class=\"payment_box payment_method_invoice\">\n\t\t\t\t\t\t<p>Ab der zweiten Bestellung m\u00f6glich: Sie erhalten nach der Bestellung eine Rechnung von mir. Bitte \u00fcberweisen Sie den Gesamtbetrag innerhalb von 14 Tagen auf das dort angegebene Konto.<\/p>\n\t\t\t\t\t<\/div>\n\t\t\t\t\t\t\t<\/li>\n\t\t\t<\/ul>\n<\/div>\n","protected":false},"excerpt":{"rendered":"","protected":false},"author":1,"featured_media":0,"parent":0,"menu_order":0,"comment_status":"closed","ping_status":"closed","template":"","meta":{"footnotes":""},"class_list":["post-16","page","type-page","status-publish","hentry"],"jetpack_sharing_enabled":true,"_links":{"self":[{"href":"https:\/\/www.sammelmarken.de\/index.php?rest_route=\/wp\/v2\/pages\/16","targetHints":{"allow":["GET"]}}],"collection":[{"href":"https:\/\/www.sammelmarken.de\/index.php?rest_route=\/wp\/v2\/pages"}],"about":[{"href":"https:\/\/www.sammelmarken.de\/index.php?rest_route=\/wp\/v2\/types\/page"}],"author":[{"embeddable":true,"href":"https:\/\/www.sammelmarken.de\/index.php?rest_route=\/wp\/v2\/users\/1"}],"replies":[{"embeddable":true,"href":"https:\/\/www.sammelmarken.de\/index.php?rest_route=%2Fwp%2Fv2%2Fcomments&post=16"}],"version-history":[{"count":1,"href":"https:\/\/www.sammelmarken.de\/index.php?rest_route=\/wp\/v2\/pages\/16\/revisions"}],"predecessor-version":[{"id":11577,"href":"https:\/\/www.sammelmarken.de\/index.php?rest_route=\/wp\/v2\/pages\/16\/revisions\/11577"}],"wp:attachment":[{"href":"https:\/\/www.sammelmarken.de\/index.php?rest_route=%2Fwp%2Fv2%2Fmedia&parent=16"}],"curies":[{"name":"wp","href":"https:\/\/api.w.org\/{rel}","templated":true}]}}