{"id":210,"date":"2019-09-29T14:42:53","date_gmt":"2019-09-29T12:42:53","guid":{"rendered":"http:\/\/shop.sammelmarken.de\/?page_id=210"},"modified":"2023-01-02T23:39:51","modified_gmt":"2023-01-02T22:39:51","slug":"kulturgueterhinweis","status":"publish","type":"page","link":"https:\/\/www.sammelmarken.de\/?page_id=210","title":{"rendered":"Kulturg\u00fcterhinweis"},"content":{"rendered":"\n<p><strong>Verwenden von Kennzeichen verfassungswidriger Organisationen<\/strong><\/p>\n\n\n\n<p>Auf dieser Seite sind Produkte dargestellt, die Abbildungen zeigen, die unter den \u00a7 86a StGB fallen. Dazu z\u00e4hlen u.a. das Hakenkreuz, SS-Runen, sowie das Abbild Adolf Hitlers. Die \u00f6ffentliche Darstellung und Verbreitung solcher Darstellungen ist verboten.<\/p>\n\n\n\n<p><strong>Straffreie Ausnahmen<\/strong><\/p>\n\n\n\n<p>Ausgenommen hiervon sind Handlungen der staatsb\u00fcrgerlichen Aufkl\u00e4rung, der Abwehr verfassungswidriger Bestrebungen, der Kunst oder der Wissenschaft, der Forschung oder der Lehre, der Berichterstattung \u00fcber Vorg\u00e4nge des Zeitgeschehens oder der Geschichte oder \u00e4hnlicher Zwecke (<a href=\"https:\/\/www.gesetze-im-internet.de\/stgb\/__86a.html\">\u00a7&nbsp;86a<\/a>&nbsp;Abs.&nbsp;3 i.&nbsp;V.&nbsp;m.&nbsp;<a href=\"https:\/\/www.gesetze-im-internet.de\/stgb\/__86.html\">\u00a7&nbsp;86<\/a>&nbsp;Abs.&nbsp;3 StGB).<\/p>\n\n\n\n<p>Die Darstellung im Rahmen dieses Online-Shops erfolgt im Rahmen der sachgerechten Darstellung von Sammelobjekten, die als Kunst- oder Kulturg\u00fcter gelten. Somit ist die Darstellung in diesem Rahmen erlaubt und kann strafrechtlich nicht verfolgt werden.<\/p>\n","protected":false},"excerpt":{"rendered":"<p>Verwenden von Kennzeichen verfassungswidriger Organisationen Auf dieser Seite sind Produkte dargestellt, die Abbildungen zeigen, die unter den \u00a7 86a StGB fallen. Dazu z\u00e4hlen u.a. das Hakenkreuz, SS-Runen, sowie das Abbild Adolf Hitlers. Die \u00f6ffentliche Darstellung und Verbreitung solcher Darstellungen ist verboten. Straffreie Ausnahmen Ausgenommen hiervon sind Handlungen der staatsb\u00fcrgerlichen Aufkl\u00e4rung, der Abwehr verfassungswidriger Bestrebungen, der [&hellip;]<\/p>\n","protected":false},"author":1,"featured_media":0,"parent":0,"menu_order":0,"comment_status":"closed","ping_status":"closed","template":"","meta":{"footnotes":""},"class_list":["post-210","page","type-page","status-publish","hentry"],"jetpack_sharing_enabled":true,"_links":{"self":[{"href":"https:\/\/www.sammelmarken.de\/index.php?rest_route=\/wp\/v2\/pages\/210","targetHints":{"allow":["GET"]}}],"collection":[{"href":"https:\/\/www.sammelmarken.de\/index.php?rest_route=\/wp\/v2\/pages"}],"about":[{"href":"https:\/\/www.sammelmarken.de\/index.php?rest_route=\/wp\/v2\/types\/page"}],"author":[{"embeddable":true,"href":"https:\/\/www.sammelmarken.de\/index.php?rest_route=\/wp\/v2\/users\/1"}],"replies":[{"embeddable":true,"href":"https:\/\/www.sammelmarken.de\/index.php?rest_route=%2Fwp%2Fv2%2Fcomments&post=210"}],"version-history":[{"count":2,"href":"https:\/\/www.sammelmarken.de\/index.php?rest_route=\/wp\/v2\/pages\/210\/revisions"}],"predecessor-version":[{"id":16286,"href":"https:\/\/www.sammelmarken.de\/index.php?rest_route=\/wp\/v2\/pages\/210\/revisions\/16286"}],"wp:attachment":[{"href":"https:\/\/www.sammelmarken.de\/index.php?rest_route=%2Fwp%2Fv2%2Fmedia&parent=210"}],"curies":[{"name":"wp","href":"https:\/\/api.w.org\/{rel}","templated":true}]}}