{"id":10618,"date":"2020-03-19T11:21:01","date_gmt":"2020-03-19T09:21:01","guid":{"rendered":"http:\/\/www.sammelmarken.de\/?post_type=product&#038;p=10618"},"modified":"2023-10-28T15:35:25","modified_gmt":"2023-10-28T13:35:25","slug":"boehmen-maehren-dienstmarken-michel-nr-24-wappen-5-k-postfrisch","status":"publish","type":"product","link":"https:\/\/www.sammelmarken.de\/?product=boehmen-maehren-dienstmarken-michel-nr-24-wappen-5-k-postfrisch","title":{"rendered":"B\u00f6hmen &#038; M\u00e4hren Dienstmarken: Michel-Nr. 24, Wappen, 5 K., postfrisch"},"content":{"rendered":"<p>B\u00f6hmen &amp; M\u00e4hren Dienstmarken: Michel-Nr. 24, Wappen, 5 K., postfrisch<\/p>\n","protected":false},"excerpt":{"rendered":"<p>B\u00f6hmen &amp; M\u00e4hren Dienstmarken: Michel-Nr. 24, Wappen, 5 K., postfrisch<\/p>\n","protected":false},"featured_media":10621,"template":"","meta":[],"product_brand":[],"product_cat":[149],"product_tag":[],"class_list":{"0":"post-10618","1":"product","2":"type-product","3":"status-publish","4":"has-post-thumbnail","6":"product_cat-149","8":"first","9":"instock","10":"sold-individually","11":"shipping-taxable","12":"purchasable","13":"product-type-variable"},"jetpack_sharing_enabled":true,"_links":{"self":[{"href":"https:\/\/www.sammelmarken.de\/index.php?rest_route=\/wp\/v2\/product\/10618","targetHints":{"allow":["GET"]}}],"collection":[{"href":"https:\/\/www.sammelmarken.de\/index.php?rest_route=\/wp\/v2\/product"}],"about":[{"href":"https:\/\/www.sammelmarken.de\/index.php?rest_route=\/wp\/v2\/types\/product"}],"wp:featuredmedia":[{"embeddable":true,"href":"https:\/\/www.sammelmarken.de\/index.php?rest_route=\/wp\/v2\/media\/10621"}],"wp:attachment":[{"href":"https:\/\/www.sammelmarken.de\/index.php?rest_route=%2Fwp%2Fv2%2Fmedia&parent=10618"}],"wp:term":[{"taxonomy":"product_brand","embeddable":true,"href":"https:\/\/www.sammelmarken.de\/index.php?rest_route=%2Fwp%2Fv2%2Fproduct_brand&post=10618"},{"taxonomy":"product_cat","embeddable":true,"href":"https:\/\/www.sammelmarken.de\/index.php?rest_route=%2Fwp%2Fv2%2Fproduct_cat&post=10618"},{"taxonomy":"product_tag","embeddable":true,"href":"https:\/\/www.sammelmarken.de\/index.php?rest_route=%2Fwp%2Fv2%2Fproduct_tag&post=10618"}],"curies":[{"name":"wp","href":"https:\/\/api.w.org\/{rel}","templated":true}]}}