{"id":10714,"date":"2020-03-19T12:04:30","date_gmt":"2020-03-19T10:04:30","guid":{"rendered":"http:\/\/www.sammelmarken.de\/?post_type=product&#038;p=10714"},"modified":"2023-10-28T15:35:23","modified_gmt":"2023-10-28T13:35:23","slug":"boehmen-maehren-dienstmarken-michel-nr-17-wappen-80-h-postfrisch","status":"publish","type":"product","link":"https:\/\/www.sammelmarken.de\/?product=boehmen-maehren-dienstmarken-michel-nr-17-wappen-80-h-postfrisch","title":{"rendered":"B\u00f6hmen &#038; M\u00e4hren Dienstmarken: Michel-Nr. 17, Wappen, 80 H., postfrisch"},"content":{"rendered":"<p>B\u00f6hmen &amp; M\u00e4hren Dienstmarken: Michel-Nr. 17, Wappen, 80 H., postfrisch<\/p>\n","protected":false},"excerpt":{"rendered":"<p>B\u00f6hmen &amp; M\u00e4hren Dienstmarken: Michel-Nr. 17, Wappen, 80 H., postfrisch<\/p>\n","protected":false},"featured_media":10718,"template":"","meta":[],"product_brand":[],"product_cat":[149],"product_tag":[],"class_list":{"0":"post-10714","1":"product","2":"type-product","3":"status-publish","4":"has-post-thumbnail","6":"product_cat-149","8":"first","9":"instock","10":"sold-individually","11":"shipping-taxable","12":"purchasable","13":"product-type-variable"},"jetpack_sharing_enabled":true,"_links":{"self":[{"href":"https:\/\/www.sammelmarken.de\/index.php?rest_route=\/wp\/v2\/product\/10714","targetHints":{"allow":["GET"]}}],"collection":[{"href":"https:\/\/www.sammelmarken.de\/index.php?rest_route=\/wp\/v2\/product"}],"about":[{"href":"https:\/\/www.sammelmarken.de\/index.php?rest_route=\/wp\/v2\/types\/product"}],"wp:featuredmedia":[{"embeddable":true,"href":"https:\/\/www.sammelmarken.de\/index.php?rest_route=\/wp\/v2\/media\/10718"}],"wp:attachment":[{"href":"https:\/\/www.sammelmarken.de\/index.php?rest_route=%2Fwp%2Fv2%2Fmedia&parent=10714"}],"wp:term":[{"taxonomy":"product_brand","embeddable":true,"href":"https:\/\/www.sammelmarken.de\/index.php?rest_route=%2Fwp%2Fv2%2Fproduct_brand&post=10714"},{"taxonomy":"product_cat","embeddable":true,"href":"https:\/\/www.sammelmarken.de\/index.php?rest_route=%2Fwp%2Fv2%2Fproduct_cat&post=10714"},{"taxonomy":"product_tag","embeddable":true,"href":"https:\/\/www.sammelmarken.de\/index.php?rest_route=%2Fwp%2Fv2%2Fproduct_tag&post=10714"}],"curies":[{"name":"wp","href":"https:\/\/api.w.org\/{rel}","templated":true}]}}