{"id":11031,"date":"2020-03-26T09:50:05","date_gmt":"2020-03-26T07:50:05","guid":{"rendered":"http:\/\/www.sammelmarken.de\/?post_type=product&#038;p=11031"},"modified":"2023-10-28T15:35:17","modified_gmt":"2023-10-28T13:35:17","slug":"beleg-postkarte-mit-falschfrankierung-zum-schaden-der-post-1973","status":"publish","type":"product","link":"https:\/\/www.sammelmarken.de\/?product=beleg-postkarte-mit-falschfrankierung-zum-schaden-der-post-1973","title":{"rendered":"Beleg: Postkarte mit Falschfrankierung zum Schaden der Post &#8211; 1973"},"content":{"rendered":"<p>Beleg: Postkarte mit Falschfrankierung zum Schaden der Post &#8211; 1973<\/p>\n<p>Postkarte von M\u00fclheim a.d. Ruhr nach Essen-Werden, 17.1.1973<\/p>\n<p>Frankiert mit 10 Pf. (Michel-Nr. 695 A) und zwei ung\u00fcltigen Rabatt-Marken der Firma KAISER&#8217;S &#8211; eigentlich n\u00f6tiges Porto: 30 Pf.<\/p>\n","protected":false},"excerpt":{"rendered":"<p>Beleg: Postkarte mit Falschfrankierung zum Schaden der Post &#8211; 1973 Postkarte von M\u00fclheim a.d. Ruhr nach Essen-Werden, 17.1.1973 Frankiert mit 10 Pf. (Michel-Nr. 695 A) und zwei ung\u00fcltigen Rabatt-Marken der Firma KAISER&#8217;S &#8211; eigentlich n\u00f6tiges Porto: 30 Pf.<\/p>\n","protected":false},"featured_media":11033,"template":"","meta":[],"product_brand":[],"product_cat":[316],"product_tag":[],"class_list":{"0":"post-11031","1":"product","2":"type-product","3":"status-publish","4":"has-post-thumbnail","6":"product_cat-sobel","8":"first","9":"instock","10":"sold-individually","11":"shipping-taxable","12":"purchasable","13":"product-type-simple"},"jetpack_sharing_enabled":true,"_links":{"self":[{"href":"https:\/\/www.sammelmarken.de\/index.php?rest_route=\/wp\/v2\/product\/11031","targetHints":{"allow":["GET"]}}],"collection":[{"href":"https:\/\/www.sammelmarken.de\/index.php?rest_route=\/wp\/v2\/product"}],"about":[{"href":"https:\/\/www.sammelmarken.de\/index.php?rest_route=\/wp\/v2\/types\/product"}],"wp:featuredmedia":[{"embeddable":true,"href":"https:\/\/www.sammelmarken.de\/index.php?rest_route=\/wp\/v2\/media\/11033"}],"wp:attachment":[{"href":"https:\/\/www.sammelmarken.de\/index.php?rest_route=%2Fwp%2Fv2%2Fmedia&parent=11031"}],"wp:term":[{"taxonomy":"product_brand","embeddable":true,"href":"https:\/\/www.sammelmarken.de\/index.php?rest_route=%2Fwp%2Fv2%2Fproduct_brand&post=11031"},{"taxonomy":"product_cat","embeddable":true,"href":"https:\/\/www.sammelmarken.de\/index.php?rest_route=%2Fwp%2Fv2%2Fproduct_cat&post=11031"},{"taxonomy":"product_tag","embeddable":true,"href":"https:\/\/www.sammelmarken.de\/index.php?rest_route=%2Fwp%2Fv2%2Fproduct_tag&post=11031"}],"curies":[{"name":"wp","href":"https:\/\/api.w.org\/{rel}","templated":true}]}}