{"id":11114,"date":"2020-05-01T20:01:22","date_gmt":"2020-05-01T18:01:22","guid":{"rendered":"https:\/\/www.sammelmarken.de\/?post_type=product&#038;p=11114"},"modified":"2023-10-28T15:35:14","modified_gmt":"2023-10-28T13:35:14","slug":"ddr-markenheftchen-9v1-suesswasserfische-1988-postfrisch","status":"publish","type":"product","link":"https:\/\/www.sammelmarken.de\/?product=ddr-markenheftchen-9v1-suesswasserfische-1988-postfrisch","title":{"rendered":"DDR: Markenheftchen 9V1, S\u00fc\u00dfwasserfische 1988, postfrisch"},"content":{"rendered":"<pre><span style=\"color: #00429a;\"><span style=\"color: #000000;\"><span style=\"font-family: Verdana;\">29.11.1988 -\u00a0Freimarken: S\u00fc\u00dfwasserfische, Entwurf:\u00a0Kraus; Odr.; gez. K 13:12\u00bd<\/span><\/span><\/span><span style=\"color: #00429a;\"><span style=\"color: #000000;\"><span style=\"font-family: Verdana;\">\r\n\r\nMarkenheftchen Nr. 9; Auflage V 1\r\n\r\n2. und 3. Deckelseite: Wellenlinien\r\n4. Deckelseite: Posthorn und Inschrift\r\nkeine Zwischenbl\u00e4tter\r\n\r\nenth\u00e4lt Heftchenbl\u00e4tter:\r\n- 5 x 19 v A - bestehend aus 4 x Mi-Nr. 3096 II v (Rand allseitig durchgez\u00e4hnt)\r\n\r\n3096 II v - 10 (Pf) - mehrfarbig - (dwo) Bachforelle (Salmo trutta f. fario) II = ohne Jahreszahl, v = normales Papier mit matter gelblicher Gummierung\r\n\r\nAuflage: 525.000 St\u00fcck<\/span><\/span>\r\n<\/span><\/pre>\n","protected":false},"excerpt":{"rendered":"<p>29.11.1988 &#8211;\u00a0Freimarken: S\u00fc\u00dfwasserfische, Entwurf:\u00a0Kraus; Odr.; gez. K 13:12\u00bd Markenheftchen Nr. 9; Auflage V 1 2. und 3. Deckelseite: Wellenlinien 4. Deckelseite: Posthorn und Inschrift keine Zwischenbl\u00e4tter enth\u00e4lt Heftchenbl\u00e4tter: &#8211; 5 x 19 v A &#8211; bestehend aus 4 x Mi-Nr. 3096 II v (Rand allseitig durchgez\u00e4hnt) 3096 II v &#8211; 10 (Pf) &#8211; mehrfarbig &#8211; [&hellip;]<\/p>\n","protected":false},"featured_media":11110,"template":"","meta":[],"product_brand":[],"product_cat":[364],"product_tag":[],"class_list":{"0":"post-11114","1":"product","2":"type-product","3":"status-publish","4":"has-post-thumbnail","6":"product_cat-364","8":"first","9":"instock","10":"sold-individually","11":"shipping-taxable","12":"purchasable","13":"product-type-simple"},"jetpack_sharing_enabled":true,"_links":{"self":[{"href":"https:\/\/www.sammelmarken.de\/index.php?rest_route=\/wp\/v2\/product\/11114","targetHints":{"allow":["GET"]}}],"collection":[{"href":"https:\/\/www.sammelmarken.de\/index.php?rest_route=\/wp\/v2\/product"}],"about":[{"href":"https:\/\/www.sammelmarken.de\/index.php?rest_route=\/wp\/v2\/types\/product"}],"wp:featuredmedia":[{"embeddable":true,"href":"https:\/\/www.sammelmarken.de\/index.php?rest_route=\/wp\/v2\/media\/11110"}],"wp:attachment":[{"href":"https:\/\/www.sammelmarken.de\/index.php?rest_route=%2Fwp%2Fv2%2Fmedia&parent=11114"}],"wp:term":[{"taxonomy":"product_brand","embeddable":true,"href":"https:\/\/www.sammelmarken.de\/index.php?rest_route=%2Fwp%2Fv2%2Fproduct_brand&post=11114"},{"taxonomy":"product_cat","embeddable":true,"href":"https:\/\/www.sammelmarken.de\/index.php?rest_route=%2Fwp%2Fv2%2Fproduct_cat&post=11114"},{"taxonomy":"product_tag","embeddable":true,"href":"https:\/\/www.sammelmarken.de\/index.php?rest_route=%2Fwp%2Fv2%2Fproduct_tag&post=11114"}],"curies":[{"name":"wp","href":"https:\/\/api.w.org\/{rel}","templated":true}]}}