{"id":11120,"date":"2020-05-02T13:50:56","date_gmt":"2020-05-02T11:50:56","guid":{"rendered":"https:\/\/www.sammelmarken.de\/?post_type=product&#038;p=11120"},"modified":"2024-02-01T13:33:41","modified_gmt":"2024-02-01T12:33:41","slug":"ddr-markenheftchen-8-sozphilex-85-1985-postfrisch","status":"publish","type":"product","link":"https:\/\/www.sammelmarken.de\/?product=ddr-markenheftchen-8-sozphilex-85-1985-postfrisch","title":{"rendered":"DDR: Markenheftchen 8, Sozphilex &#8217;85 1985, postfrisch"},"content":{"rendered":"<p>1985 &#8211; 10. Sept. Freimarken: Internationale Briefmarkenausstellung SOZPHILEX &#8217;85, Berlin, Entwurf: Glinski; Odr.; gez. K 13:12\u00bd<\/p>\n<p>Markenheftchen Nr. 8; Nominale 2,40 M; Deckel: schwarz auf grauoliv &#8211; (f) Postkutsche<\/p>\n<p>2. und 3. Deckelseite: Postsymbole; Posttransportmittel<br \/>\n4. Deckelseite: Posthorn und Inschrift<br \/>\nkeine Zwischenbl\u00e4tter<\/p>\n<p>enth\u00e4lt Heftchenbl\u00e4tter:<br \/>\n&#8211; 2 x 18 &#8211; bestehend aus 4 x Mi-Nr. 2965\/2966 &#8211; 2 x 2 Zdr.<\/p>\n<p>2965 &#8211; 5 (Pf) &#8211; mehrfarbig &#8211; (drd) Personenpostwagen (19. Jh.); Relief von Hermann Steinemann<br \/>\n2966 &#8211; 20+5 (Pf) &#8211; mehrfarbig &#8211; (dre) Personenpostwagen (19. Jh.); Relief von Hermann Steinemann<\/p>\n","protected":false},"excerpt":{"rendered":"<p>1985 &#8211; 10. Sept. Freimarken: Internationale Briefmarkenausstellung SOZPHILEX &#8217;85, Berlin, Entwurf: Glinski; Odr.; gez. K 13:12\u00bd Markenheftchen Nr. 8; Nominale 2,40 M; Deckel: schwarz auf grauoliv &#8211; (f) Postkutsche 2. und 3. Deckelseite: Postsymbole; Posttransportmittel 4. Deckelseite: Posthorn und Inschrift keine Zwischenbl\u00e4tter enth\u00e4lt Heftchenbl\u00e4tter: &#8211; 2 x 18 &#8211; bestehend aus 4 x Mi-Nr. 2965\/2966 [&hellip;]<\/p>\n","protected":false},"featured_media":11122,"template":"","meta":[],"product_brand":[],"product_cat":[364],"product_tag":[],"class_list":{"0":"post-11120","1":"product","2":"type-product","3":"status-publish","4":"has-post-thumbnail","6":"product_cat-364","8":"first","9":"instock","10":"sold-individually","11":"shipping-taxable","12":"purchasable","13":"product-type-simple"},"jetpack_sharing_enabled":true,"_links":{"self":[{"href":"https:\/\/www.sammelmarken.de\/index.php?rest_route=\/wp\/v2\/product\/11120","targetHints":{"allow":["GET"]}}],"collection":[{"href":"https:\/\/www.sammelmarken.de\/index.php?rest_route=\/wp\/v2\/product"}],"about":[{"href":"https:\/\/www.sammelmarken.de\/index.php?rest_route=\/wp\/v2\/types\/product"}],"wp:featuredmedia":[{"embeddable":true,"href":"https:\/\/www.sammelmarken.de\/index.php?rest_route=\/wp\/v2\/media\/11122"}],"wp:attachment":[{"href":"https:\/\/www.sammelmarken.de\/index.php?rest_route=%2Fwp%2Fv2%2Fmedia&parent=11120"}],"wp:term":[{"taxonomy":"product_brand","embeddable":true,"href":"https:\/\/www.sammelmarken.de\/index.php?rest_route=%2Fwp%2Fv2%2Fproduct_brand&post=11120"},{"taxonomy":"product_cat","embeddable":true,"href":"https:\/\/www.sammelmarken.de\/index.php?rest_route=%2Fwp%2Fv2%2Fproduct_cat&post=11120"},{"taxonomy":"product_tag","embeddable":true,"href":"https:\/\/www.sammelmarken.de\/index.php?rest_route=%2Fwp%2Fv2%2Fproduct_tag&post=11120"}],"curies":[{"name":"wp","href":"https:\/\/api.w.org\/{rel}","templated":true}]}}