{"id":11330,"date":"2020-05-14T14:56:39","date_gmt":"2020-05-14T12:56:39","guid":{"rendered":"https:\/\/www.sammelmarken.de\/?post_type=product&#038;p=11330"},"modified":"2023-10-28T15:34:05","modified_gmt":"2023-10-28T13:34:05","slug":"bundesrepublik-deutschland-michel-nr-331-eucharistischer-weltkongress-muenchen-gestempelt","status":"publish","type":"product","link":"https:\/\/www.sammelmarken.de\/?product=bundesrepublik-deutschland-michel-nr-331-eucharistischer-weltkongress-muenchen-gestempelt","title":{"rendered":"Bundesrepublik Deutschland: Michel-Nr. 331, Eucharistischer Weltkongre\u00df, M\u00fcnchen, gestempelt"},"content":{"rendered":"<p>Bundesrepublik Deutschland: Michel-Nr. 331, Eucharistischer Weltkongre\u00df, M\u00fcnchen, gestempelt<\/p>\n","protected":false},"excerpt":{"rendered":"<p>Bundesrepublik Deutschland: Michel-Nr. 331, Eucharistischer Weltkongre\u00df, M\u00fcnchen, gestempelt<\/p>\n","protected":false},"featured_media":11279,"template":"","meta":[],"product_brand":[],"product_cat":[272],"product_tag":[],"class_list":{"0":"post-11330","1":"product","2":"type-product","3":"status-publish","4":"has-post-thumbnail","6":"product_cat-272","8":"first","9":"instock","10":"sold-individually","11":"shipping-taxable","12":"purchasable","13":"product-type-variable"},"jetpack_sharing_enabled":true,"_links":{"self":[{"href":"https:\/\/www.sammelmarken.de\/index.php?rest_route=\/wp\/v2\/product\/11330","targetHints":{"allow":["GET"]}}],"collection":[{"href":"https:\/\/www.sammelmarken.de\/index.php?rest_route=\/wp\/v2\/product"}],"about":[{"href":"https:\/\/www.sammelmarken.de\/index.php?rest_route=\/wp\/v2\/types\/product"}],"wp:featuredmedia":[{"embeddable":true,"href":"https:\/\/www.sammelmarken.de\/index.php?rest_route=\/wp\/v2\/media\/11279"}],"wp:attachment":[{"href":"https:\/\/www.sammelmarken.de\/index.php?rest_route=%2Fwp%2Fv2%2Fmedia&parent=11330"}],"wp:term":[{"taxonomy":"product_brand","embeddable":true,"href":"https:\/\/www.sammelmarken.de\/index.php?rest_route=%2Fwp%2Fv2%2Fproduct_brand&post=11330"},{"taxonomy":"product_cat","embeddable":true,"href":"https:\/\/www.sammelmarken.de\/index.php?rest_route=%2Fwp%2Fv2%2Fproduct_cat&post=11330"},{"taxonomy":"product_tag","embeddable":true,"href":"https:\/\/www.sammelmarken.de\/index.php?rest_route=%2Fwp%2Fv2%2Fproduct_tag&post=11330"}],"curies":[{"name":"wp","href":"https:\/\/api.w.org\/{rel}","templated":true}]}}