{"id":11469,"date":"2020-05-17T15:19:40","date_gmt":"2020-05-17T13:19:40","guid":{"rendered":"https:\/\/www.sammelmarken.de\/?post_type=product&#038;p=11469"},"modified":"2023-10-28T15:33:58","modified_gmt":"2023-10-28T13:33:58","slug":"bayern-michel-nr-61-x-staatswappen-auf-ornament-kleinformat-v-5-pfg-gestempelt","status":"publish","type":"product","link":"https:\/\/www.sammelmarken.de\/?product=bayern-michel-nr-61-x-staatswappen-auf-ornament-kleinformat-v-5-pfg-gestempelt","title":{"rendered":"Bayern: Michel-Nr. 61 x, Staatswappen auf Ornament (Kleinformat) (V), 5 Pfg., gestempelt"},"content":{"rendered":"<p>Bayern: Michel-Nr. 61 x, Staatswappen auf Ornament (Kleinformat) (V), 5 Pfg., gestempelt<\/p>\n<p>x = grauwei\u00dfes, mattorangewei\u00dfes bis mattrosawei\u00dfes Papier<\/p>\n","protected":false},"excerpt":{"rendered":"<p>Bayern: Michel-Nr. 61 x, Staatswappen auf Ornament (Kleinformat) (V), 5 Pfg., gestempelt x = grauwei\u00dfes, mattorangewei\u00dfes bis mattrosawei\u00dfes Papier<\/p>\n","protected":false},"featured_media":11410,"template":"","meta":[],"product_brand":[],"product_cat":[51],"product_tag":[],"class_list":{"0":"post-11469","1":"product","2":"type-product","3":"status-publish","4":"has-post-thumbnail","6":"product_cat-51","8":"first","9":"instock","10":"sold-individually","11":"shipping-taxable","12":"purchasable","13":"product-type-variable"},"jetpack_sharing_enabled":true,"_links":{"self":[{"href":"https:\/\/www.sammelmarken.de\/index.php?rest_route=\/wp\/v2\/product\/11469","targetHints":{"allow":["GET"]}}],"collection":[{"href":"https:\/\/www.sammelmarken.de\/index.php?rest_route=\/wp\/v2\/product"}],"about":[{"href":"https:\/\/www.sammelmarken.de\/index.php?rest_route=\/wp\/v2\/types\/product"}],"wp:featuredmedia":[{"embeddable":true,"href":"https:\/\/www.sammelmarken.de\/index.php?rest_route=\/wp\/v2\/media\/11410"}],"wp:attachment":[{"href":"https:\/\/www.sammelmarken.de\/index.php?rest_route=%2Fwp%2Fv2%2Fmedia&parent=11469"}],"wp:term":[{"taxonomy":"product_brand","embeddable":true,"href":"https:\/\/www.sammelmarken.de\/index.php?rest_route=%2Fwp%2Fv2%2Fproduct_brand&post=11469"},{"taxonomy":"product_cat","embeddable":true,"href":"https:\/\/www.sammelmarken.de\/index.php?rest_route=%2Fwp%2Fv2%2Fproduct_cat&post=11469"},{"taxonomy":"product_tag","embeddable":true,"href":"https:\/\/www.sammelmarken.de\/index.php?rest_route=%2Fwp%2Fv2%2Fproduct_tag&post=11469"}],"curies":[{"name":"wp","href":"https:\/\/api.w.org\/{rel}","templated":true}]}}