{"id":11563,"date":"2020-05-17T17:50:35","date_gmt":"2020-05-17T15:50:35","guid":{"rendered":"https:\/\/www.sammelmarken.de\/?post_type=product&#038;p=11563"},"modified":"2024-01-24T19:22:04","modified_gmt":"2024-01-24T18:22:04","slug":"bayern-michel-nr-173-a-hilfe-fuer-bayerische-kriegsbeschaedigte-20-pfg-5-pfg-postfrisch-kopie","status":"publish","type":"product","link":"https:\/\/www.sammelmarken.de\/?product=bayern-michel-nr-173-a-hilfe-fuer-bayerische-kriegsbeschaedigte-20-pfg-5-pfg-postfrisch-kopie","title":{"rendered":"Bayern: Michel-Nr. 173 A, Hilfe f\u00fcr bayerische Kriegsbesch\u00e4digte, 20 Pfg.+5 Pfg., postfrisch"},"content":{"rendered":"<p>Bayern: Michel-Nr. 173 A, Hilfe f\u00fcr bayerische Kriegsbesch\u00e4digte, 20 Pfg.+5 Pfg., postfrisch<\/p>\n<p>A = gez\u00e4hnt<\/p>\n","protected":false},"excerpt":{"rendered":"<p>Bayern: Michel-Nr. 173 A, Hilfe f\u00fcr bayerische Kriegsbesch\u00e4digte, 20 Pfg.+5 Pfg., postfrisch A = gez\u00e4hnt<\/p>\n","protected":false},"featured_media":11549,"template":"","meta":[],"product_brand":[],"product_cat":[51],"product_tag":[],"class_list":{"0":"post-11563","1":"product","2":"type-product","3":"status-publish","4":"has-post-thumbnail","6":"product_cat-51","8":"first","9":"outofstock","10":"sold-individually","11":"shipping-taxable","12":"product-type-variable"},"jetpack_sharing_enabled":true,"_links":{"self":[{"href":"https:\/\/www.sammelmarken.de\/index.php?rest_route=\/wp\/v2\/product\/11563","targetHints":{"allow":["GET"]}}],"collection":[{"href":"https:\/\/www.sammelmarken.de\/index.php?rest_route=\/wp\/v2\/product"}],"about":[{"href":"https:\/\/www.sammelmarken.de\/index.php?rest_route=\/wp\/v2\/types\/product"}],"wp:featuredmedia":[{"embeddable":true,"href":"https:\/\/www.sammelmarken.de\/index.php?rest_route=\/wp\/v2\/media\/11549"}],"wp:attachment":[{"href":"https:\/\/www.sammelmarken.de\/index.php?rest_route=%2Fwp%2Fv2%2Fmedia&parent=11563"}],"wp:term":[{"taxonomy":"product_brand","embeddable":true,"href":"https:\/\/www.sammelmarken.de\/index.php?rest_route=%2Fwp%2Fv2%2Fproduct_brand&post=11563"},{"taxonomy":"product_cat","embeddable":true,"href":"https:\/\/www.sammelmarken.de\/index.php?rest_route=%2Fwp%2Fv2%2Fproduct_cat&post=11563"},{"taxonomy":"product_tag","embeddable":true,"href":"https:\/\/www.sammelmarken.de\/index.php?rest_route=%2Fwp%2Fv2%2Fproduct_tag&post=11563"}],"curies":[{"name":"wp","href":"https:\/\/api.w.org\/{rel}","templated":true}]}}