{"id":11769,"date":"2020-09-24T15:03:49","date_gmt":"2020-09-24T13:03:49","guid":{"rendered":"https:\/\/www.sammelmarken.de\/?post_type=product&#038;p=11769"},"modified":"2023-10-28T15:33:47","modified_gmt":"2023-10-28T13:33:47","slug":"wwf-briefmarkensammlung-album-mit-schuber","status":"publish","type":"product","link":"https:\/\/www.sammelmarken.de\/?product=wwf-briefmarkensammlung-album-mit-schuber","title":{"rendered":"WWF Briefmarkensammlung &#8211; Album mit Schuber"},"content":{"rendered":"<h2>WWF Briefmarkensammlung &#8211; Album mit Schuber (ohne Inhalt)<\/h2>\n<p><span style=\"font-family: Verdana; font-size: large;\">schwarzes Kunstlederalbum, wattiert<br \/>\nschwarzer Kunstlederschuber<\/span><\/p>\n<p>herausgegeben von der Firma Groth, Schweiz f\u00fcr die offizielle Briefmarkensammlung des World Wildlife Fund (WWF) zwischen 1983 und 2013. Insgesamt verf\u00fcgt diese Sammlung \u00fcber 517 Kapitel mit jeweils 4 postfrischen Marken, 4 Ersttagsbriefen (FDC), 4 Maximumkarten (MK) und 6 Text-\/Fotobl\u00e4ttern. Verf\u00fcgbare Kapitel finden Sie hier im Shop.<\/p>\n<p><span style=\"font-family: Verdana; font-size: large;\"><span style=\"font-family: Verdana;\">gebraucht, aber in altersgem\u00e4\u00df gutem Zustand<\/span><\/span><\/p>\n<p><span style=\"color: #ff0000;\">Preis inkl. Sonderversandkosten (6,50 \u20ac)<\/span><\/p>\n","protected":false},"excerpt":{"rendered":"<p>WWF Briefmarkensammlung &#8211; Album mit Schuber (ohne Inhalt) schwarzes Kunstlederalbum, wattiert schwarzer Kunstlederschuber herausgegeben von der Firma Groth, Schweiz f\u00fcr die offizielle Briefmarkensammlung des World Wildlife Fund (WWF) zwischen 1983 und 2013. Insgesamt verf\u00fcgt diese Sammlung \u00fcber 517 Kapitel mit jeweils 4 postfrischen Marken, 4 Ersttagsbriefen (FDC), 4 Maximumkarten (MK) und 6 Text-\/Fotobl\u00e4ttern. Verf\u00fcgbare Kapitel [&hellip;]<\/p>\n","protected":false},"featured_media":11770,"template":"","meta":[],"product_brand":[],"product_cat":[318],"product_tag":[],"class_list":{"0":"post-11769","1":"product","2":"type-product","3":"status-publish","4":"has-post-thumbnail","6":"product_cat-wwfbms","8":"first","9":"instock","10":"sold-individually","11":"shipping-taxable","12":"purchasable","13":"product-type-simple"},"jetpack_sharing_enabled":true,"_links":{"self":[{"href":"https:\/\/www.sammelmarken.de\/index.php?rest_route=\/wp\/v2\/product\/11769","targetHints":{"allow":["GET"]}}],"collection":[{"href":"https:\/\/www.sammelmarken.de\/index.php?rest_route=\/wp\/v2\/product"}],"about":[{"href":"https:\/\/www.sammelmarken.de\/index.php?rest_route=\/wp\/v2\/types\/product"}],"wp:featuredmedia":[{"embeddable":true,"href":"https:\/\/www.sammelmarken.de\/index.php?rest_route=\/wp\/v2\/media\/11770"}],"wp:attachment":[{"href":"https:\/\/www.sammelmarken.de\/index.php?rest_route=%2Fwp%2Fv2%2Fmedia&parent=11769"}],"wp:term":[{"taxonomy":"product_brand","embeddable":true,"href":"https:\/\/www.sammelmarken.de\/index.php?rest_route=%2Fwp%2Fv2%2Fproduct_brand&post=11769"},{"taxonomy":"product_cat","embeddable":true,"href":"https:\/\/www.sammelmarken.de\/index.php?rest_route=%2Fwp%2Fv2%2Fproduct_cat&post=11769"},{"taxonomy":"product_tag","embeddable":true,"href":"https:\/\/www.sammelmarken.de\/index.php?rest_route=%2Fwp%2Fv2%2Fproduct_tag&post=11769"}],"curies":[{"name":"wp","href":"https:\/\/api.w.org\/{rel}","templated":true}]}}