{"id":11773,"date":"2020-09-24T15:39:10","date_gmt":"2020-09-24T13:39:10","guid":{"rendered":"https:\/\/www.sammelmarken.de\/?post_type=product&#038;p=11773"},"modified":"2024-04-21T23:28:03","modified_gmt":"2024-04-21T21:28:03","slug":"wwf-briefmarkensammlung-kapitel-004-afrikanischer-elefant","status":"publish","type":"product","link":"https:\/\/www.sammelmarken.de\/?product=wwf-briefmarkensammlung-kapitel-004-afrikanischer-elefant","title":{"rendered":"WWF Briefmarkensammlung &#8211; Kapitel 004 &#8211; Afrikanischer Elefant"},"content":{"rendered":"<h2>WWF Briefmarkensammlung &#8211; Kapitel 004 &#8211; Afrikanischer Elefant<\/h2>\n<p><span style=\"font-family: Verdana; font-size: large;\">Uganda 1983<br \/>\n<\/span><br \/>\nherausgegeben von der Firma Groth, Schweiz f\u00fcr die offizielle Briefmarkensammlung des World Wildlife Fund (WWF) zwischen 1983 und 2013. Insgesamt verf\u00fcgt diese Sammlung \u00fcber 517 Kapitel mit jeweils 4 postfrischen Marken, 4 Ersttagsbriefen (FDC), 4 Maximumkarten (MK) und 6 Text-\/Fotobl\u00e4ttern.<\/p>\n<p><span style=\"color: #ff0000;\">Preis inkl. Sonderversandkosten (5,20 \u20ac)<\/span><\/p>\n","protected":false},"excerpt":{"rendered":"<p>WWF Briefmarkensammlung &#8211; Kapitel 004 &#8211; Afrikanischer Elefant Uganda 1983 herausgegeben von der Firma Groth, Schweiz f\u00fcr die offizielle Briefmarkensammlung des World Wildlife Fund (WWF) zwischen 1983 und 2013. Insgesamt verf\u00fcgt diese Sammlung \u00fcber 517 Kapitel mit jeweils 4 postfrischen Marken, 4 Ersttagsbriefen (FDC), 4 Maximumkarten (MK) und 6 Text-\/Fotobl\u00e4ttern. Preis inkl. Sonderversandkosten (5,20 \u20ac)<\/p>\n","protected":false},"featured_media":11780,"template":"","meta":[],"product_brand":[],"product_cat":[318],"product_tag":[],"class_list":{"0":"post-11773","1":"product","2":"type-product","3":"status-publish","4":"has-post-thumbnail","6":"product_cat-wwfbms","8":"first","9":"instock","10":"sold-individually","11":"shipping-taxable","12":"purchasable","13":"product-type-simple"},"jetpack_sharing_enabled":true,"_links":{"self":[{"href":"https:\/\/www.sammelmarken.de\/index.php?rest_route=\/wp\/v2\/product\/11773","targetHints":{"allow":["GET"]}}],"collection":[{"href":"https:\/\/www.sammelmarken.de\/index.php?rest_route=\/wp\/v2\/product"}],"about":[{"href":"https:\/\/www.sammelmarken.de\/index.php?rest_route=\/wp\/v2\/types\/product"}],"wp:featuredmedia":[{"embeddable":true,"href":"https:\/\/www.sammelmarken.de\/index.php?rest_route=\/wp\/v2\/media\/11780"}],"wp:attachment":[{"href":"https:\/\/www.sammelmarken.de\/index.php?rest_route=%2Fwp%2Fv2%2Fmedia&parent=11773"}],"wp:term":[{"taxonomy":"product_brand","embeddable":true,"href":"https:\/\/www.sammelmarken.de\/index.php?rest_route=%2Fwp%2Fv2%2Fproduct_brand&post=11773"},{"taxonomy":"product_cat","embeddable":true,"href":"https:\/\/www.sammelmarken.de\/index.php?rest_route=%2Fwp%2Fv2%2Fproduct_cat&post=11773"},{"taxonomy":"product_tag","embeddable":true,"href":"https:\/\/www.sammelmarken.de\/index.php?rest_route=%2Fwp%2Fv2%2Fproduct_tag&post=11773"}],"curies":[{"name":"wp","href":"https:\/\/api.w.org\/{rel}","templated":true}]}}