{"id":11791,"date":"2020-09-25T11:06:23","date_gmt":"2020-09-25T09:06:23","guid":{"rendered":"https:\/\/www.sammelmarken.de\/?post_type=product&#038;p=11791"},"modified":"2023-10-28T15:33:47","modified_gmt":"2023-10-28T13:33:47","slug":"wwf-briefmarkensammlung-kapitel-063-weissnackenkranich","status":"publish","type":"product","link":"https:\/\/www.sammelmarken.de\/?product=wwf-briefmarkensammlung-kapitel-063-weissnackenkranich","title":{"rendered":"WWF Briefmarkensammlung &#8211; Kapitel 063 &#8211; Weissnackenkranich"},"content":{"rendered":"<h2>WWF Briefmarkensammlung &#8211; Kapitel 063 &#8211; Weissnackenkranich<\/h2>\n<p><span style=\"font-family: Verdana; font-size: large;\">S\u00fcd-Korea 1988<br \/>\n<\/span><br \/>\nherausgegeben von der Firma Groth, Schweiz f\u00fcr die offizielle Briefmarkensammlung des World Wildlife Fund (WWF) zwischen 1983 und 2013. Insgesamt verf\u00fcgt diese Sammlung \u00fcber 517 Kapitel mit jeweils 4 postfrischen Marken, 4 Ersttagsbriefen (FDC), 4 Maximumkarten (MK) und 6 Text-\/Fotobl\u00e4ttern.<\/p>\n<p><span style=\"color: #ff0000;\">Preis inkl. Sonderversandkosten (5,20 \u20ac)<\/span><\/p>\n","protected":false},"excerpt":{"rendered":"<p>WWF Briefmarkensammlung &#8211; Kapitel 063 &#8211; Weissnackenkranich S\u00fcd-Korea 1988 herausgegeben von der Firma Groth, Schweiz f\u00fcr die offizielle Briefmarkensammlung des World Wildlife Fund (WWF) zwischen 1983 und 2013. Insgesamt verf\u00fcgt diese Sammlung \u00fcber 517 Kapitel mit jeweils 4 postfrischen Marken, 4 Ersttagsbriefen (FDC), 4 Maximumkarten (MK) und 6 Text-\/Fotobl\u00e4ttern. Preis inkl. Sonderversandkosten (5,20 \u20ac)<\/p>\n","protected":false},"featured_media":11792,"template":"","meta":[],"product_brand":[],"product_cat":[318],"product_tag":[],"class_list":{"0":"post-11791","1":"product","2":"type-product","3":"status-publish","4":"has-post-thumbnail","6":"product_cat-wwfbms","8":"first","9":"instock","10":"sold-individually","11":"shipping-taxable","12":"purchasable","13":"product-type-simple"},"jetpack_sharing_enabled":true,"_links":{"self":[{"href":"https:\/\/www.sammelmarken.de\/index.php?rest_route=\/wp\/v2\/product\/11791","targetHints":{"allow":["GET"]}}],"collection":[{"href":"https:\/\/www.sammelmarken.de\/index.php?rest_route=\/wp\/v2\/product"}],"about":[{"href":"https:\/\/www.sammelmarken.de\/index.php?rest_route=\/wp\/v2\/types\/product"}],"wp:featuredmedia":[{"embeddable":true,"href":"https:\/\/www.sammelmarken.de\/index.php?rest_route=\/wp\/v2\/media\/11792"}],"wp:attachment":[{"href":"https:\/\/www.sammelmarken.de\/index.php?rest_route=%2Fwp%2Fv2%2Fmedia&parent=11791"}],"wp:term":[{"taxonomy":"product_brand","embeddable":true,"href":"https:\/\/www.sammelmarken.de\/index.php?rest_route=%2Fwp%2Fv2%2Fproduct_brand&post=11791"},{"taxonomy":"product_cat","embeddable":true,"href":"https:\/\/www.sammelmarken.de\/index.php?rest_route=%2Fwp%2Fv2%2Fproduct_cat&post=11791"},{"taxonomy":"product_tag","embeddable":true,"href":"https:\/\/www.sammelmarken.de\/index.php?rest_route=%2Fwp%2Fv2%2Fproduct_tag&post=11791"}],"curies":[{"name":"wp","href":"https:\/\/api.w.org\/{rel}","templated":true}]}}