{"id":12765,"date":"2021-05-02T12:24:19","date_gmt":"2021-05-02T10:24:19","guid":{"rendered":"https:\/\/www.sammelmarken.de\/?post_type=product&#038;p=12765"},"modified":"2023-10-28T15:30:04","modified_gmt":"2023-10-28T13:30:04","slug":"bundesrepublik-deutschland-automatenmarken-michel-nr-1-1hu-freimarken-emblem-der-deutschen-bundespost-300-pf-postfrisch","status":"publish","type":"product","link":"https:\/\/www.sammelmarken.de\/?product=bundesrepublik-deutschland-automatenmarken-michel-nr-1-1hu-freimarken-emblem-der-deutschen-bundespost-300-pf-postfrisch","title":{"rendered":"Bundesrepublik Deutschland &#8211; Automatenmarken: Michel-Nr. 1.1hu, Freimarken: Emblem der Deutschen Bundespost, 300 Pf, postfrisch"},"content":{"rendered":"<p>Bundesrepublik Deutschland &#8211; Automatenmarken: Michel-Nr. 1.1hu, Freimarken: Emblem der Deutschen Bundespost, 300 Pf, postfrisch<\/p>\n<p>schwarz; Unterdruck mehrfarbig; Entwurf: Bundesdruckerei Berlin; RaTdr.; Papier fluoreszierend; Typendruck \u00fcber Farbband; geschnitten mit je 2 Transportl\u00f6chern am Ober- und Unterrand<\/p>\n<p>Type 1 (Automat Kl\u00fcssendorf) DBP normal<br \/>\nType 2 (Automat Nagler) DBP fett<\/p>\n<p>h = Stern nach der Wertangabe und Teil des Unterdrucks gelbgr\u00fcn<br \/>\ni = Stern nach der Wertangabe und Teil des Unterdrucks gr\u00fcnlicholiv<\/p>\n<p>u = gelbliche Gummierung<br \/>\nv = wei\u00dfe Gummierung<\/p>\n","protected":false},"excerpt":{"rendered":"<p>Bundesrepublik Deutschland &#8211; Automatenmarken: Michel-Nr. 1.1hu, Freimarken: Emblem der Deutschen Bundespost, 300 Pf, postfrisch schwarz; Unterdruck mehrfarbig; Entwurf: Bundesdruckerei Berlin; RaTdr.; Papier fluoreszierend; Typendruck \u00fcber Farbband; geschnitten mit je 2 Transportl\u00f6chern am Ober- und Unterrand Type 1 (Automat Kl\u00fcssendorf) DBP normal Type 2 (Automat Nagler) DBP fett h = Stern nach der Wertangabe und Teil [&hellip;]<\/p>\n","protected":false},"featured_media":12743,"template":"","meta":[],"product_brand":[],"product_cat":[273],"product_tag":[],"class_list":{"0":"post-12765","1":"product","2":"type-product","3":"status-publish","4":"has-post-thumbnail","6":"product_cat-273","8":"first","9":"instock","10":"sold-individually","11":"shipping-taxable","12":"purchasable","13":"product-type-variable"},"jetpack_sharing_enabled":true,"_links":{"self":[{"href":"https:\/\/www.sammelmarken.de\/index.php?rest_route=\/wp\/v2\/product\/12765","targetHints":{"allow":["GET"]}}],"collection":[{"href":"https:\/\/www.sammelmarken.de\/index.php?rest_route=\/wp\/v2\/product"}],"about":[{"href":"https:\/\/www.sammelmarken.de\/index.php?rest_route=\/wp\/v2\/types\/product"}],"wp:featuredmedia":[{"embeddable":true,"href":"https:\/\/www.sammelmarken.de\/index.php?rest_route=\/wp\/v2\/media\/12743"}],"wp:attachment":[{"href":"https:\/\/www.sammelmarken.de\/index.php?rest_route=%2Fwp%2Fv2%2Fmedia&parent=12765"}],"wp:term":[{"taxonomy":"product_brand","embeddable":true,"href":"https:\/\/www.sammelmarken.de\/index.php?rest_route=%2Fwp%2Fv2%2Fproduct_brand&post=12765"},{"taxonomy":"product_cat","embeddable":true,"href":"https:\/\/www.sammelmarken.de\/index.php?rest_route=%2Fwp%2Fv2%2Fproduct_cat&post=12765"},{"taxonomy":"product_tag","embeddable":true,"href":"https:\/\/www.sammelmarken.de\/index.php?rest_route=%2Fwp%2Fv2%2Fproduct_tag&post=12765"}],"curies":[{"name":"wp","href":"https:\/\/api.w.org\/{rel}","templated":true}]}}