{"id":1336,"date":"2019-11-12T15:54:32","date_gmt":"2019-11-12T13:54:32","guid":{"rendered":"http:\/\/www.sammelmarken.de\/?post_type=product&#038;p=1336"},"modified":"2023-10-28T15:41:20","modified_gmt":"2023-10-28T13:41:20","slug":"deutsches-reich-michel-nr-327a-wertangaben-im-kreis-mit-rosettenmuster-i-5-milld-mk-gestempelt","status":"publish","type":"product","link":"https:\/\/www.sammelmarken.de\/?product=deutsches-reich-michel-nr-327a-wertangaben-im-kreis-mit-rosettenmuster-i-5-milld-mk-gestempelt","title":{"rendered":"Deutsches Reich: Michel-Nr. 327AP, Wertangaben im Kreis mit Rosettenmuster (I), 5 Milld. Mk., gestempelt"},"content":{"rendered":"<p>Deutsches Reich: Michel-Nr. 327AP, Wertangaben im Kreis mit Rosettenmuster (I), 5 Milld. Mk., gestempelt<\/p>\n<p>P = Plattendruck<\/p>\n<p><em>Hinweis: Die Marken mit den Michel-Nummern 98 bis 337 wurden in der Inflationszeit ausgegeben. Bei diesen Marken wird keinerlei Garantie f\u00fcr die Echtheit der Stempel abgegeben, au\u00dfer die Marken sind gepr\u00fcft. Dies ist im Einzelfall angegeben.<\/em><\/p>\n","protected":false},"excerpt":{"rendered":"<p>Deutsches Reich: Michel-Nr. 327AP, Wertangaben im Kreis mit Rosettenmuster (I), 5 Milld. Mk., gestempelt P = Plattendruck Hinweis: Die Marken mit den Michel-Nummern 98 bis 337 wurden in der Inflationszeit ausgegeben. Bei diesen Marken wird keinerlei Garantie f\u00fcr die Echtheit der Stempel abgegeben, au\u00dfer die Marken sind gepr\u00fcft. Dies ist im Einzelfall angegeben.<\/p>\n","protected":false},"featured_media":1338,"template":"","meta":[],"product_brand":[],"product_cat":[74],"product_tag":[],"class_list":{"0":"post-1336","1":"product","2":"type-product","3":"status-publish","4":"has-post-thumbnail","6":"product_cat-74","8":"first","9":"instock","10":"sold-individually","11":"shipping-taxable","12":"purchasable","13":"product-type-variable"},"jetpack_sharing_enabled":true,"_links":{"self":[{"href":"https:\/\/www.sammelmarken.de\/index.php?rest_route=\/wp\/v2\/product\/1336","targetHints":{"allow":["GET"]}}],"collection":[{"href":"https:\/\/www.sammelmarken.de\/index.php?rest_route=\/wp\/v2\/product"}],"about":[{"href":"https:\/\/www.sammelmarken.de\/index.php?rest_route=\/wp\/v2\/types\/product"}],"wp:featuredmedia":[{"embeddable":true,"href":"https:\/\/www.sammelmarken.de\/index.php?rest_route=\/wp\/v2\/media\/1338"}],"wp:attachment":[{"href":"https:\/\/www.sammelmarken.de\/index.php?rest_route=%2Fwp%2Fv2%2Fmedia&parent=1336"}],"wp:term":[{"taxonomy":"product_brand","embeddable":true,"href":"https:\/\/www.sammelmarken.de\/index.php?rest_route=%2Fwp%2Fv2%2Fproduct_brand&post=1336"},{"taxonomy":"product_cat","embeddable":true,"href":"https:\/\/www.sammelmarken.de\/index.php?rest_route=%2Fwp%2Fv2%2Fproduct_cat&post=1336"},{"taxonomy":"product_tag","embeddable":true,"href":"https:\/\/www.sammelmarken.de\/index.php?rest_route=%2Fwp%2Fv2%2Fproduct_tag&post=1336"}],"curies":[{"name":"wp","href":"https:\/\/api.w.org\/{rel}","templated":true}]}}