{"id":13426,"date":"2021-06-15T11:32:22","date_gmt":"2021-06-15T09:32:22","guid":{"rendered":"https:\/\/www.sammelmarken.de\/?post_type=product&#038;p=13426"},"modified":"2023-10-28T15:29:38","modified_gmt":"2023-10-28T13:29:38","slug":"bundesrepublik-deutschland-automatenmarken-michel-nr-2-1-1-freimarken-schloss-sanssouci-80-pf-gestempelt","status":"publish","type":"product","link":"https:\/\/www.sammelmarken.de\/?product=bundesrepublik-deutschland-automatenmarken-michel-nr-2-1-1-freimarken-schloss-sanssouci-80-pf-gestempelt","title":{"rendered":"Bundesrepublik Deutschland &#8211; Automatenmarken: Michel-Nr. 2.1.1, Freimarken: Schlo\u00df Sanssouci, 80 Pf, gestempelt"},"content":{"rendered":"<p>Bundesrepublik Deutschland &#8211; Automatenmarken: Michel-Nr. 2.1.1, Freimarken: Schlo\u00df Sanssouci, 80 Pf, gestempelt<\/p>\n<p>schwarz; Unterdruck mehrfarbig; Entwurf: Schillinger; RaTdr.; Papier fluoreszierend; Typen- oder Nadeldruck \u00fcber Farbband; geschnitten mit je 2 Transportl\u00f6chern am Ober- und Unterrand<\/p>\n<p>Type 1.1 (Automat Kl\u00fcssendorf, Typendruck) DBP normal<br \/>\nType 1.2 (Automat Nagler, Typendruck) DBP fett<br \/>\nType 2.1 (Automat Nagler, Nadeldruck) DBP breit, Wertziffern fett<br \/>\nType 2.2 (Automat Mettler, Nadeldruck) DBP schmal, Wertziffern fett<br \/>\nType 2.3 (Automat Nagler, Nadeldruck) Posthorn<\/p>\n","protected":false},"excerpt":{"rendered":"<p>Bundesrepublik Deutschland &#8211; Automatenmarken: Michel-Nr. 2.1.1, Freimarken: Schlo\u00df Sanssouci, 80 Pf, gestempelt schwarz; Unterdruck mehrfarbig; Entwurf: Schillinger; RaTdr.; Papier fluoreszierend; Typen- oder Nadeldruck \u00fcber Farbband; geschnitten mit je 2 Transportl\u00f6chern am Ober- und Unterrand Type 1.1 (Automat Kl\u00fcssendorf, Typendruck) DBP normal Type 1.2 (Automat Nagler, Typendruck) DBP fett Type 2.1 (Automat Nagler, Nadeldruck) DBP breit, [&hellip;]<\/p>\n","protected":false},"featured_media":13428,"template":"","meta":[],"product_brand":[],"product_cat":[273],"product_tag":[],"class_list":{"0":"post-13426","1":"product","2":"type-product","3":"status-publish","4":"has-post-thumbnail","6":"product_cat-273","8":"first","9":"instock","10":"sold-individually","11":"shipping-taxable","12":"purchasable","13":"product-type-variable"},"jetpack_sharing_enabled":true,"_links":{"self":[{"href":"https:\/\/www.sammelmarken.de\/index.php?rest_route=\/wp\/v2\/product\/13426","targetHints":{"allow":["GET"]}}],"collection":[{"href":"https:\/\/www.sammelmarken.de\/index.php?rest_route=\/wp\/v2\/product"}],"about":[{"href":"https:\/\/www.sammelmarken.de\/index.php?rest_route=\/wp\/v2\/types\/product"}],"wp:featuredmedia":[{"embeddable":true,"href":"https:\/\/www.sammelmarken.de\/index.php?rest_route=\/wp\/v2\/media\/13428"}],"wp:attachment":[{"href":"https:\/\/www.sammelmarken.de\/index.php?rest_route=%2Fwp%2Fv2%2Fmedia&parent=13426"}],"wp:term":[{"taxonomy":"product_brand","embeddable":true,"href":"https:\/\/www.sammelmarken.de\/index.php?rest_route=%2Fwp%2Fv2%2Fproduct_brand&post=13426"},{"taxonomy":"product_cat","embeddable":true,"href":"https:\/\/www.sammelmarken.de\/index.php?rest_route=%2Fwp%2Fv2%2Fproduct_cat&post=13426"},{"taxonomy":"product_tag","embeddable":true,"href":"https:\/\/www.sammelmarken.de\/index.php?rest_route=%2Fwp%2Fv2%2Fproduct_tag&post=13426"}],"curies":[{"name":"wp","href":"https:\/\/api.w.org\/{rel}","templated":true}]}}