{"id":13713,"date":"2021-08-30T17:25:50","date_gmt":"2021-08-30T15:25:50","guid":{"rendered":"https:\/\/www.sammelmarken.de\/?post_type=product&#038;p=13713"},"modified":"2024-06-24T17:24:32","modified_gmt":"2024-06-24T15:24:32","slug":"deutsche-lokalausgaben-grossraeschen-michel-nr-46a-wiederaufbau-40-40-pf-postfrisch","status":"publish","type":"product","link":"https:\/\/www.sammelmarken.de\/?product=deutsche-lokalausgaben-grossraeschen-michel-nr-46a-wiederaufbau-40-40-pf-postfrisch","title":{"rendered":"Deutsche Lokalausgaben Gro\u00dfr\u00e4schen, Michel-Nr. 46A, Wiederaufbau, 40 + 40 Pf., postfrisch"},"content":{"rendered":"<p>Deutsche Lokalausgaben Gro\u00dfr\u00e4schen, Michel-Nr. 46A, Wiederaufbau, 40 + 40 Pf., postfrisch<\/p>\n<p>A = gez. L 10 \u00be<br \/>\nB = geschnitten<br \/>\nC = gez. L 11 \u00bd<\/p>\n","protected":false},"excerpt":{"rendered":"<p>Deutsche Lokalausgaben Gro\u00dfr\u00e4schen, Michel-Nr. 46A, Wiederaufbau, 40 + 40 Pf., postfrisch A = gez. L 10 \u00be B = geschnitten C = gez. L 11 \u00bd<\/p>\n","protected":false},"featured_media":13705,"template":"","meta":[],"product_brand":[],"product_cat":[226],"product_tag":[],"class_list":{"0":"post-13713","1":"product","2":"type-product","3":"status-publish","4":"has-post-thumbnail","6":"product_cat-226","8":"first","9":"outofstock","10":"sold-individually","11":"shipping-taxable","12":"product-type-variable"},"jetpack_sharing_enabled":true,"_links":{"self":[{"href":"https:\/\/www.sammelmarken.de\/index.php?rest_route=\/wp\/v2\/product\/13713","targetHints":{"allow":["GET"]}}],"collection":[{"href":"https:\/\/www.sammelmarken.de\/index.php?rest_route=\/wp\/v2\/product"}],"about":[{"href":"https:\/\/www.sammelmarken.de\/index.php?rest_route=\/wp\/v2\/types\/product"}],"wp:featuredmedia":[{"embeddable":true,"href":"https:\/\/www.sammelmarken.de\/index.php?rest_route=\/wp\/v2\/media\/13705"}],"wp:attachment":[{"href":"https:\/\/www.sammelmarken.de\/index.php?rest_route=%2Fwp%2Fv2%2Fmedia&parent=13713"}],"wp:term":[{"taxonomy":"product_brand","embeddable":true,"href":"https:\/\/www.sammelmarken.de\/index.php?rest_route=%2Fwp%2Fv2%2Fproduct_brand&post=13713"},{"taxonomy":"product_cat","embeddable":true,"href":"https:\/\/www.sammelmarken.de\/index.php?rest_route=%2Fwp%2Fv2%2Fproduct_cat&post=13713"},{"taxonomy":"product_tag","embeddable":true,"href":"https:\/\/www.sammelmarken.de\/index.php?rest_route=%2Fwp%2Fv2%2Fproduct_tag&post=13713"}],"curies":[{"name":"wp","href":"https:\/\/api.w.org\/{rel}","templated":true}]}}