{"id":14220,"date":"2022-08-11T13:31:02","date_gmt":"2022-08-11T11:31:02","guid":{"rendered":"https:\/\/www.sammelmarken.de\/?post_type=product&#038;p=14220"},"modified":"2023-10-28T15:26:21","modified_gmt":"2023-10-28T13:26:21","slug":"boehmen-maehren-michel-nr-132-rotes-kreuz-120880-h-gestempelt","status":"publish","type":"product","link":"https:\/\/www.sammelmarken.de\/?product=boehmen-maehren-michel-nr-132-rotes-kreuz-120880-h-gestempelt","title":{"rendered":"B\u00f6hmen &#038; M\u00e4hren: Michel-Nr. 132, Rotes Kreuz, 120+880 (H), gestempelt"},"content":{"rendered":"<p>B\u00f6hmen &amp; M\u00e4hren: Michel-Nr. 132, Rotes Kreuz, 120+880 (H), gestempelt<\/p>\n","protected":false},"excerpt":{"rendered":"<p>B\u00f6hmen &amp; M\u00e4hren: Michel-Nr. 132, Rotes Kreuz, 120+880 (H), gestempelt<\/p>\n","protected":false},"featured_media":14226,"template":"","meta":[],"product_brand":[],"product_cat":[148],"product_tag":[],"class_list":{"0":"post-14220","1":"product","2":"type-product","3":"status-publish","4":"has-post-thumbnail","6":"product_cat-148","8":"first","9":"instock","10":"sold-individually","11":"shipping-taxable","12":"purchasable","13":"product-type-variable"},"jetpack_sharing_enabled":true,"_links":{"self":[{"href":"https:\/\/www.sammelmarken.de\/index.php?rest_route=\/wp\/v2\/product\/14220","targetHints":{"allow":["GET"]}}],"collection":[{"href":"https:\/\/www.sammelmarken.de\/index.php?rest_route=\/wp\/v2\/product"}],"about":[{"href":"https:\/\/www.sammelmarken.de\/index.php?rest_route=\/wp\/v2\/types\/product"}],"wp:featuredmedia":[{"embeddable":true,"href":"https:\/\/www.sammelmarken.de\/index.php?rest_route=\/wp\/v2\/media\/14226"}],"wp:attachment":[{"href":"https:\/\/www.sammelmarken.de\/index.php?rest_route=%2Fwp%2Fv2%2Fmedia&parent=14220"}],"wp:term":[{"taxonomy":"product_brand","embeddable":true,"href":"https:\/\/www.sammelmarken.de\/index.php?rest_route=%2Fwp%2Fv2%2Fproduct_brand&post=14220"},{"taxonomy":"product_cat","embeddable":true,"href":"https:\/\/www.sammelmarken.de\/index.php?rest_route=%2Fwp%2Fv2%2Fproduct_cat&post=14220"},{"taxonomy":"product_tag","embeddable":true,"href":"https:\/\/www.sammelmarken.de\/index.php?rest_route=%2Fwp%2Fv2%2Fproduct_tag&post=14220"}],"curies":[{"name":"wp","href":"https:\/\/api.w.org\/{rel}","templated":true}]}}