{"id":1551,"date":"2019-11-13T23:44:51","date_gmt":"2019-11-13T21:44:51","guid":{"rendered":"http:\/\/www.sammelmarken.de\/?post_type=product&#038;p=1551"},"modified":"2025-07-21T14:15:47","modified_gmt":"2025-07-21T12:15:47","slug":"brd-michel-nr-299-wohlfahrt-landwirtschaft-2010-pf-gestempelt","status":"publish","type":"product","link":"https:\/\/www.sammelmarken.de\/?product=brd-michel-nr-299-wohlfahrt-landwirtschaft-2010-pf-gestempelt","title":{"rendered":"Bundesrepublik Deutschland: Michel-Nr. 299, Wohlfahrt: Landwirtschaft, 20+10 Pf, gestempelt"},"content":{"rendered":"<p>Bundesrepublik Deutschland: Michel-Nr. 299, Wohlfahrt: Landwirtschaft, 20+10 Pf, gestempelt<\/p>\n<p>Die 9. Serie der Wohlfahrtsmarken mit Zuschlag sollte nach dem Wunsch der Deutschen Bundespost die Verdienste der Landwirtschaft um die Volksern\u00e4hrung w\u00fcrdigen. Im Einvernehmen mit der Arbeitsgemeinschaft der Spitzenverb\u00e4nde der Freien Wohlfahrtspflege und mit den als Vertretung der Landwirtschaft zust\u00e4ndigen Gremien wurden als Motive f\u00fcr diese Sonderausgabe das Portr\u00e4t Raiffeisens sowie Darstellungen einer Sennerin, einer Winzerin und eines Landmannes ausgew\u00e4hlt.<br \/>\nFriedrich Wilhelm Raiffeisen wurde am 30. M\u00e4rz 1818 in Hamm an der Sieg geboren. Wegen der guten Ausbildungsm\u00f6glichkeiten trat er mit 16 Jahren in die preu\u00dfische Armee ein, musste jedoch 1843 wegen eines Augenleidens, das ihn zeitlebens qu\u00e4len sollte, seinen Abschied nehmen.<br \/>\nIm Herbst 1843 trat Raiffeisen in den preu\u00dfischen Verwaltungsdienst ein. Bis 1865 amtierte er in der Folge als B\u00fcrgermeister verschiedener, vor allem l\u00e4ndlicher Gemeinden, zuletzt in Heddesdorf bei Neuwied. Schon in dieser Zeit gr\u00fcndete Raiffeisen mehrere gemeinn\u00fctzige Wohlt\u00e4tigkeits- und Darlehenskassenvereine, die notleidenden Bauern auf solidarischer und ehrenamtlicher Basis g\u00fcnstige Kredite beschaffen und ihnen den Gang zum Wucherer ersparen sollten. Ab etwa 1864 stellte Raiffeisen seine Vereine, deren Organisationsweise er mehrfach verbesserte, auf eine genossenschaftliche Arbeitsmethode um. Die von ihm verfasste &#8218;Praktische Anleitung zur Bildung von Darlehenskassenvereinen&#8216;, die erstmals 1866 erschien, \u00fcberarbeitete und erweiterte Raiffeisen f\u00fcr jede der vier im Laufe der Jahre folgenden Auflagen.<br \/>\nZu den Grunds\u00e4tzen der Vereine Raiffeisens geh\u00f6ren Freiwilligkeit, Selbstverwaltung und Selbstverantwortung. Die ehrenamtliche Leitung pflegte Raiffeisen, um diese zur Wohlt\u00e4tigkeit anzuhalten, in die H\u00e4nde der jeweiligen Dorfhonoratioren zu legen. Ab etwa 1870 f\u00fchrte Raiffeisen zur Verbesserung des organisatorischen Zusammenhaltes regionale Zentralverb\u00e4nde ein.<br \/>\nEr plante auch ein genossenschaftliches Lebens- und Rentenversicherungssystem, vermochte diese Absichten aber nicht mehr zu verwirklichen. Bei seinem Tode am 11. M\u00e4rz 1888 in Neuwied konnte Friedrich Wilhelm Raiffeisen auf ein gesichertes Lebenswerk mit inzwischen 423 \u00f6rtlichen Raiffeisenvereinen zur\u00fcckblicken.<br \/>\nMotiv: Winzerin mit Rebstock<\/p>\n","protected":false},"excerpt":{"rendered":"<p>Bundesrepublik Deutschland: Michel-Nr. 299, Wohlfahrt: Landwirtschaft, 20+10 Pf, gestempelt Die 9. Serie der Wohlfahrtsmarken mit Zuschlag sollte nach dem Wunsch der Deutschen Bundespost die Verdienste der Landwirtschaft um die Volksern\u00e4hrung w\u00fcrdigen. Im Einvernehmen mit der Arbeitsgemeinschaft der Spitzenverb\u00e4nde der Freien Wohlfahrtspflege und mit den als Vertretung der Landwirtschaft zust\u00e4ndigen Gremien wurden als Motive f\u00fcr diese [&hellip;]<\/p>\n","protected":false},"featured_media":1553,"template":"","meta":[],"product_brand":[],"product_cat":[272],"product_tag":[],"class_list":{"0":"post-1551","1":"product","2":"type-product","3":"status-publish","4":"has-post-thumbnail","6":"product_cat-272","8":"first","9":"instock","10":"sold-individually","11":"shipping-taxable","12":"purchasable","13":"product-type-variable"},"jetpack_sharing_enabled":true,"_links":{"self":[{"href":"https:\/\/www.sammelmarken.de\/index.php?rest_route=\/wp\/v2\/product\/1551","targetHints":{"allow":["GET"]}}],"collection":[{"href":"https:\/\/www.sammelmarken.de\/index.php?rest_route=\/wp\/v2\/product"}],"about":[{"href":"https:\/\/www.sammelmarken.de\/index.php?rest_route=\/wp\/v2\/types\/product"}],"wp:featuredmedia":[{"embeddable":true,"href":"https:\/\/www.sammelmarken.de\/index.php?rest_route=\/wp\/v2\/media\/1553"}],"wp:attachment":[{"href":"https:\/\/www.sammelmarken.de\/index.php?rest_route=%2Fwp%2Fv2%2Fmedia&parent=1551"}],"wp:term":[{"taxonomy":"product_brand","embeddable":true,"href":"https:\/\/www.sammelmarken.de\/index.php?rest_route=%2Fwp%2Fv2%2Fproduct_brand&post=1551"},{"taxonomy":"product_cat","embeddable":true,"href":"https:\/\/www.sammelmarken.de\/index.php?rest_route=%2Fwp%2Fv2%2Fproduct_cat&post=1551"},{"taxonomy":"product_tag","embeddable":true,"href":"https:\/\/www.sammelmarken.de\/index.php?rest_route=%2Fwp%2Fv2%2Fproduct_tag&post=1551"}],"curies":[{"name":"wp","href":"https:\/\/api.w.org\/{rel}","templated":true}]}}