{"id":16418,"date":"2023-03-19T09:42:32","date_gmt":"2023-03-19T08:42:32","guid":{"rendered":"https:\/\/www.sammelmarken.de\/?post_type=product&#038;p=16418"},"modified":"2023-10-28T15:24:22","modified_gmt":"2023-10-28T13:24:22","slug":"pergamintueten-63-x-93-mm","status":"publish","type":"product","link":"https:\/\/www.sammelmarken.de\/?product=pergamintueten-63-x-93-mm","title":{"rendered":"Pergamint\u00fcten 63 x 93 mm"},"content":{"rendered":"<p>Pergamint\u00fcten 63 x 93 mm (EC-Kartenformat)<\/p>\n<p>Hochwertige Pergamint\u00fcten mit 14 mm Klappe zum Sortieren, Aufbewahren und Versenden von Briefmarken. Hergestellt aus reinem Zellstoff, geruchsneutral, fettdicht, PH-neutral, Chlor- und s\u00e4urefrei, antistatisch und weichmacherfrei. Umweltfreundlich hergestellt aus Produktionsabf\u00e4llen von Fichtenholz. 100% kompostierbar oder mit dem Altpapier entsorgbar.<\/p>\n<p>50 St\u00fcck<\/p>\n","protected":false},"excerpt":{"rendered":"<p>Pergamint\u00fcten 63 x 93 mm (EC-Kartenformat) Hochwertige Pergamint\u00fcten mit 14 mm Klappe zum Sortieren, Aufbewahren und Versenden von Briefmarken. Hergestellt aus reinem Zellstoff, geruchsneutral, fettdicht, PH-neutral, Chlor- und s\u00e4urefrei, antistatisch und weichmacherfrei. Umweltfreundlich hergestellt aus Produktionsabf\u00e4llen von Fichtenholz. 100% kompostierbar oder mit dem Altpapier entsorgbar. 50 St\u00fcck<\/p>\n","protected":false},"featured_media":16868,"template":"","meta":[],"product_brand":[],"product_cat":[330],"product_tag":[],"class_list":{"0":"post-16418","1":"product","2":"type-product","3":"status-publish","4":"has-post-thumbnail","6":"product_cat-sonstiges-zubehoer-zub","8":"first","9":"instock","10":"shipping-taxable","11":"purchasable","12":"product-type-simple"},"jetpack_sharing_enabled":true,"_links":{"self":[{"href":"https:\/\/www.sammelmarken.de\/index.php?rest_route=\/wp\/v2\/product\/16418","targetHints":{"allow":["GET"]}}],"collection":[{"href":"https:\/\/www.sammelmarken.de\/index.php?rest_route=\/wp\/v2\/product"}],"about":[{"href":"https:\/\/www.sammelmarken.de\/index.php?rest_route=\/wp\/v2\/types\/product"}],"wp:featuredmedia":[{"embeddable":true,"href":"https:\/\/www.sammelmarken.de\/index.php?rest_route=\/wp\/v2\/media\/16868"}],"wp:attachment":[{"href":"https:\/\/www.sammelmarken.de\/index.php?rest_route=%2Fwp%2Fv2%2Fmedia&parent=16418"}],"wp:term":[{"taxonomy":"product_brand","embeddable":true,"href":"https:\/\/www.sammelmarken.de\/index.php?rest_route=%2Fwp%2Fv2%2Fproduct_brand&post=16418"},{"taxonomy":"product_cat","embeddable":true,"href":"https:\/\/www.sammelmarken.de\/index.php?rest_route=%2Fwp%2Fv2%2Fproduct_cat&post=16418"},{"taxonomy":"product_tag","embeddable":true,"href":"https:\/\/www.sammelmarken.de\/index.php?rest_route=%2Fwp%2Fv2%2Fproduct_tag&post=16418"}],"curies":[{"name":"wp","href":"https:\/\/api.w.org\/{rel}","templated":true}]}}