{"id":16998,"date":"2023-04-24T09:39:59","date_gmt":"2023-04-24T07:39:59","guid":{"rendered":"https:\/\/www.sammelmarken.de\/?post_type=product&#038;p=16998"},"modified":"2023-10-28T15:24:02","modified_gmt":"2023-10-28T13:24:02","slug":"ddr-markenheftchen-3b2-fuenfjahrplan-1961-postfrisch","status":"publish","type":"product","link":"https:\/\/www.sammelmarken.de\/?product=ddr-markenheftchen-3b2-fuenfjahrplan-1961-postfrisch","title":{"rendered":"DDR: Markenheftchen 3b2, F\u00fcnfjahresplan 1961, postfrisch"},"content":{"rendered":"<pre><span style=\"font-size: medium;\"><span style=\"font-family: Verdana;\">1961 -\u00a0<\/span><span style=\"font-family: Verdana;\">Freimarken: F\u00fcnfjahresplan, Entwurf:\u00a0Gruner; Bdr. DWD; Wz. 3 X; gez. K 13:12\u00bd<\/span><\/span>\r\n\r\n<span style=\"font-family: Verdana; font-size: medium;\">Markenheftchen Nr. 3; Auflage b 2\r\n\r\n2. Deckelseite: Postgeb\u00fchren, Druckvermerk: III 18 185 Lp 2441 61\r\n3. Deckelseite: Reklame: Denk' an Jolanthe\r\n4. Deckelseite: Reklame: SPIELE MIT .\/. GEWINNE MIT .\/. IM ZAHLENLOTTO...\r\n2 Zwischenbl\u00e4tter mit Reklamen\r\n\r\nenth\u00e4lt Heftchenbl\u00e4tter:\r\n- 7 B - bestehend aus 6 x Mi-Nr. 577 B (Rand oben nicht durchgez\u00e4hnt)\r\n- 8 B - bestehend aus 6 x Mi-Nr. 704 B X (Rand oben nicht durchgez\u00e4hnt), Wz. 3 X\r\n- 9 B - bestehend aus 5 x Mi-Nr. 580 B und 1 x Mi-Nr. 704 B (Rand oben nicht durchgez\u00e4hnt)\r\n<\/span><span style=\"font-family: Verdana; font-size: medium;\">\r\n577 - 5 (Pf) - gelbsmaragdgr\u00fcn - (fw) Frau am Schaltrad\r\n704 - 10 (Pf) - bl\u00e4ulichgr\u00fcn - (fz) Arbeiter tauschen Erfahrungen aus\r\n580 - 20 (Pf) - dunkelbr\u00e4unlichrot - (ge) Karl-Marx-Allee (Stalinallee), Berlin<\/span><\/pre>\n","protected":false},"excerpt":{"rendered":"<p>1961 &#8211;\u00a0Freimarken: F\u00fcnfjahresplan, Entwurf:\u00a0Gruner; Bdr. DWD; Wz. 3 X; gez. K 13:12\u00bd Markenheftchen Nr. 3; Auflage b 2 2. Deckelseite: Postgeb\u00fchren, Druckvermerk: III 18 185 Lp 2441 61 3. Deckelseite: Reklame: Denk&#8216; an Jolanthe 4. Deckelseite: Reklame: SPIELE MIT .\/. GEWINNE MIT .\/. IM ZAHLENLOTTO&#8230; 2 Zwischenbl\u00e4tter mit Reklamen enth\u00e4lt Heftchenbl\u00e4tter: &#8211; 7 B &#8211; [&hellip;]<\/p>\n","protected":false},"featured_media":17001,"template":"","meta":[],"product_brand":[],"product_cat":[364],"product_tag":[],"class_list":{"0":"post-16998","1":"product","2":"type-product","3":"status-publish","4":"has-post-thumbnail","6":"product_cat-364","8":"first","9":"instock","10":"shipping-taxable","11":"purchasable","12":"product-type-simple"},"jetpack_sharing_enabled":true,"_links":{"self":[{"href":"https:\/\/www.sammelmarken.de\/index.php?rest_route=\/wp\/v2\/product\/16998","targetHints":{"allow":["GET"]}}],"collection":[{"href":"https:\/\/www.sammelmarken.de\/index.php?rest_route=\/wp\/v2\/product"}],"about":[{"href":"https:\/\/www.sammelmarken.de\/index.php?rest_route=\/wp\/v2\/types\/product"}],"wp:featuredmedia":[{"embeddable":true,"href":"https:\/\/www.sammelmarken.de\/index.php?rest_route=\/wp\/v2\/media\/17001"}],"wp:attachment":[{"href":"https:\/\/www.sammelmarken.de\/index.php?rest_route=%2Fwp%2Fv2%2Fmedia&parent=16998"}],"wp:term":[{"taxonomy":"product_brand","embeddable":true,"href":"https:\/\/www.sammelmarken.de\/index.php?rest_route=%2Fwp%2Fv2%2Fproduct_brand&post=16998"},{"taxonomy":"product_cat","embeddable":true,"href":"https:\/\/www.sammelmarken.de\/index.php?rest_route=%2Fwp%2Fv2%2Fproduct_cat&post=16998"},{"taxonomy":"product_tag","embeddable":true,"href":"https:\/\/www.sammelmarken.de\/index.php?rest_route=%2Fwp%2Fv2%2Fproduct_tag&post=16998"}],"curies":[{"name":"wp","href":"https:\/\/api.w.org\/{rel}","templated":true}]}}