{"id":18569,"date":"2023-10-28T14:21:11","date_gmt":"2023-10-28T12:21:11","guid":{"rendered":"https:\/\/www.sammelmarken.de\/?post_type=product&#038;p=18569"},"modified":"2023-10-28T15:22:22","modified_gmt":"2023-10-28T13:22:22","slug":"deutsches-reich-dienstmarken-michel-nr-6-zaehldienstmarken-fuer-preussen-25-pfg-gestempelt","status":"publish","type":"product","link":"https:\/\/www.sammelmarken.de\/?product=deutsches-reich-dienstmarken-michel-nr-6-zaehldienstmarken-fuer-preussen-25-pfg-gestempelt","title":{"rendered":"Deutsches Reich Dienstmarken: Michel-Nr. 6, Z\u00e4hldienstmarken f\u00fcr Preu\u00dfen, 25 Pfg., gestempelt"},"content":{"rendered":"<p>Deutsches Reich Dienstmarken: Michel-Nr. 6, Z\u00e4hldienstmarken f\u00fcr Preu\u00dfen, 25 Pfg., gestempelt<\/p>\n","protected":false},"excerpt":{"rendered":"<p>Deutsches Reich Dienstmarken: Michel-Nr. 6, Z\u00e4hldienstmarken f\u00fcr Preu\u00dfen, 25 Pfg., gestempelt<\/p>\n","protected":false},"featured_media":18572,"template":"","meta":[],"product_brand":[],"product_cat":[75],"product_tag":[],"class_list":{"0":"post-18569","1":"product","2":"type-product","3":"status-publish","4":"has-post-thumbnail","6":"product_cat-75","8":"first","9":"instock","10":"sold-individually","11":"shipping-taxable","12":"purchasable","13":"product-type-variable"},"jetpack_sharing_enabled":true,"_links":{"self":[{"href":"https:\/\/www.sammelmarken.de\/index.php?rest_route=\/wp\/v2\/product\/18569","targetHints":{"allow":["GET"]}}],"collection":[{"href":"https:\/\/www.sammelmarken.de\/index.php?rest_route=\/wp\/v2\/product"}],"about":[{"href":"https:\/\/www.sammelmarken.de\/index.php?rest_route=\/wp\/v2\/types\/product"}],"wp:featuredmedia":[{"embeddable":true,"href":"https:\/\/www.sammelmarken.de\/index.php?rest_route=\/wp\/v2\/media\/18572"}],"wp:attachment":[{"href":"https:\/\/www.sammelmarken.de\/index.php?rest_route=%2Fwp%2Fv2%2Fmedia&parent=18569"}],"wp:term":[{"taxonomy":"product_brand","embeddable":true,"href":"https:\/\/www.sammelmarken.de\/index.php?rest_route=%2Fwp%2Fv2%2Fproduct_brand&post=18569"},{"taxonomy":"product_cat","embeddable":true,"href":"https:\/\/www.sammelmarken.de\/index.php?rest_route=%2Fwp%2Fv2%2Fproduct_cat&post=18569"},{"taxonomy":"product_tag","embeddable":true,"href":"https:\/\/www.sammelmarken.de\/index.php?rest_route=%2Fwp%2Fv2%2Fproduct_tag&post=18569"}],"curies":[{"name":"wp","href":"https:\/\/api.w.org\/{rel}","templated":true}]}}