{"id":18574,"date":"2023-10-28T14:27:30","date_gmt":"2023-10-28T12:27:30","guid":{"rendered":"https:\/\/www.sammelmarken.de\/?post_type=product&#038;p=18574"},"modified":"2023-12-25T22:00:50","modified_gmt":"2023-12-25T21:00:50","slug":"deutsches-reich-dienstmarken-michel-nr-12-zaehldienstmarken-fuer-baden-10-pfg-gestempelt","status":"publish","type":"product","link":"https:\/\/www.sammelmarken.de\/?product=deutsches-reich-dienstmarken-michel-nr-12-zaehldienstmarken-fuer-baden-10-pfg-gestempelt","title":{"rendered":"Deutsches Reich Dienstmarken: Michel-Nr. 12, Z\u00e4hldienstmarken f\u00fcr Baden, 10 Pfg., gestempelt"},"content":{"rendered":"<p>Deutsches Reich Dienstmarken: Michel-Nr. 12, Z\u00e4hldienstmarken f\u00fcr Baden, 10 Pfg., gestempelt<\/p>\n","protected":false},"excerpt":{"rendered":"<p>Deutsches Reich Dienstmarken: Michel-Nr. 12, Z\u00e4hldienstmarken f\u00fcr Baden, 10 Pfg., gestempelt<\/p>\n","protected":false},"featured_media":18577,"template":"","meta":[],"product_brand":[],"product_cat":[75],"product_tag":[],"class_list":{"0":"post-18574","1":"product","2":"type-product","3":"status-publish","4":"has-post-thumbnail","6":"product_cat-75","8":"first","9":"outofstock","10":"sold-individually","11":"shipping-taxable","12":"product-type-variable"},"jetpack_sharing_enabled":true,"_links":{"self":[{"href":"https:\/\/www.sammelmarken.de\/index.php?rest_route=\/wp\/v2\/product\/18574","targetHints":{"allow":["GET"]}}],"collection":[{"href":"https:\/\/www.sammelmarken.de\/index.php?rest_route=\/wp\/v2\/product"}],"about":[{"href":"https:\/\/www.sammelmarken.de\/index.php?rest_route=\/wp\/v2\/types\/product"}],"wp:featuredmedia":[{"embeddable":true,"href":"https:\/\/www.sammelmarken.de\/index.php?rest_route=\/wp\/v2\/media\/18577"}],"wp:attachment":[{"href":"https:\/\/www.sammelmarken.de\/index.php?rest_route=%2Fwp%2Fv2%2Fmedia&parent=18574"}],"wp:term":[{"taxonomy":"product_brand","embeddable":true,"href":"https:\/\/www.sammelmarken.de\/index.php?rest_route=%2Fwp%2Fv2%2Fproduct_brand&post=18574"},{"taxonomy":"product_cat","embeddable":true,"href":"https:\/\/www.sammelmarken.de\/index.php?rest_route=%2Fwp%2Fv2%2Fproduct_cat&post=18574"},{"taxonomy":"product_tag","embeddable":true,"href":"https:\/\/www.sammelmarken.de\/index.php?rest_route=%2Fwp%2Fv2%2Fproduct_tag&post=18574"}],"curies":[{"name":"wp","href":"https:\/\/api.w.org\/{rel}","templated":true}]}}