{"id":21732,"date":"2024-01-31T18:14:40","date_gmt":"2024-01-31T17:14:40","guid":{"rendered":"https:\/\/www.sammelmarken.de\/?post_type=product&#038;p=21732"},"modified":"2024-01-31T18:16:39","modified_gmt":"2024-01-31T17:16:39","slug":"berlin-west-michel-nr-155-berlinhilfe-fuer-die-hochwassergeschaedigten-gestempelt","status":"publish","type":"product","link":"https:\/\/www.sammelmarken.de\/?product=berlin-west-michel-nr-155-berlinhilfe-fuer-die-hochwassergeschaedigten-gestempelt","title":{"rendered":"Berlin (West), Michel-Nr. 155, Berlinhilfe f\u00fcr die Hochwassergesch\u00e4digten, gestempelt"},"content":{"rendered":"<p>Berlin (West), Michel-Nr. 155, Berlinhilfe f\u00fcr die Hochwassergesch\u00e4digten, gestempelt<\/p>\n","protected":false},"excerpt":{"rendered":"<p>Berlin (West), Michel-Nr. 155, Berlinhilfe f\u00fcr die Hochwassergesch\u00e4digten, gestempelt<\/p>\n","protected":false},"featured_media":21736,"template":"","meta":[],"product_brand":[],"product_cat":[262],"product_tag":[],"class_list":{"0":"post-21732","1":"product","2":"type-product","3":"status-publish","4":"has-post-thumbnail","6":"product_cat-262","8":"first","9":"instock","10":"sold-individually","11":"shipping-taxable","12":"purchasable","13":"product-type-variable"},"jetpack_sharing_enabled":true,"_links":{"self":[{"href":"https:\/\/www.sammelmarken.de\/index.php?rest_route=\/wp\/v2\/product\/21732","targetHints":{"allow":["GET"]}}],"collection":[{"href":"https:\/\/www.sammelmarken.de\/index.php?rest_route=\/wp\/v2\/product"}],"about":[{"href":"https:\/\/www.sammelmarken.de\/index.php?rest_route=\/wp\/v2\/types\/product"}],"wp:featuredmedia":[{"embeddable":true,"href":"https:\/\/www.sammelmarken.de\/index.php?rest_route=\/wp\/v2\/media\/21736"}],"wp:attachment":[{"href":"https:\/\/www.sammelmarken.de\/index.php?rest_route=%2Fwp%2Fv2%2Fmedia&parent=21732"}],"wp:term":[{"taxonomy":"product_brand","embeddable":true,"href":"https:\/\/www.sammelmarken.de\/index.php?rest_route=%2Fwp%2Fv2%2Fproduct_brand&post=21732"},{"taxonomy":"product_cat","embeddable":true,"href":"https:\/\/www.sammelmarken.de\/index.php?rest_route=%2Fwp%2Fv2%2Fproduct_cat&post=21732"},{"taxonomy":"product_tag","embeddable":true,"href":"https:\/\/www.sammelmarken.de\/index.php?rest_route=%2Fwp%2Fv2%2Fproduct_tag&post=21732"}],"curies":[{"name":"wp","href":"https:\/\/api.w.org\/{rel}","templated":true}]}}