{"id":21880,"date":"2024-10-12T13:27:37","date_gmt":"2024-10-12T11:27:37","guid":{"rendered":"https:\/\/www.sammelmarken.de\/?post_type=product&#038;p=21880"},"modified":"2024-10-12T13:33:06","modified_gmt":"2024-10-12T11:33:06","slug":"altdeutschland-wuerttemberg-michel-nr-13-a-freimarken-wappen-von-wuerttemberg-6-kr-gstempelt","status":"publish","type":"product","link":"https:\/\/www.sammelmarken.de\/?product=altdeutschland-wuerttemberg-michel-nr-13-a-freimarken-wappen-von-wuerttemberg-6-kr-gstempelt","title":{"rendered":"Altdeutschland W\u00fcrttemberg: Michel-Nr. 13 a, Freimarken: Wappen von W\u00fcrttemberg, 6 Kr., gstempelt"},"content":{"rendered":"<p>Altdeutschland W\u00fcrttemberg: Michel-Nr. 13 a, Freimarken: Wappen von W\u00fcrttemberg, 6 Kr., gstempelt<\/p>\n<p>a = hellgr\u00fcnlicholiv bis gr\u00fcmoliv<\/p>\n","protected":false},"excerpt":{"rendered":"<p>Altdeutschland W\u00fcrttemberg: Michel-Nr. 13 a, Freimarken: Wappen von W\u00fcrttemberg, 6 Kr., gstempelt a = hellgr\u00fcnlicholiv bis gr\u00fcmoliv<\/p>\n","protected":false},"featured_media":21882,"template":"","meta":[],"product_brand":[],"product_cat":[69],"product_tag":[],"class_list":{"0":"post-21880","1":"product","2":"type-product","3":"status-publish","4":"has-post-thumbnail","6":"product_cat-69","8":"first","9":"instock","10":"sold-individually","11":"shipping-taxable","12":"purchasable","13":"product-type-variable"},"jetpack_sharing_enabled":true,"_links":{"self":[{"href":"https:\/\/www.sammelmarken.de\/index.php?rest_route=\/wp\/v2\/product\/21880","targetHints":{"allow":["GET"]}}],"collection":[{"href":"https:\/\/www.sammelmarken.de\/index.php?rest_route=\/wp\/v2\/product"}],"about":[{"href":"https:\/\/www.sammelmarken.de\/index.php?rest_route=\/wp\/v2\/types\/product"}],"wp:featuredmedia":[{"embeddable":true,"href":"https:\/\/www.sammelmarken.de\/index.php?rest_route=\/wp\/v2\/media\/21882"}],"wp:attachment":[{"href":"https:\/\/www.sammelmarken.de\/index.php?rest_route=%2Fwp%2Fv2%2Fmedia&parent=21880"}],"wp:term":[{"taxonomy":"product_brand","embeddable":true,"href":"https:\/\/www.sammelmarken.de\/index.php?rest_route=%2Fwp%2Fv2%2Fproduct_brand&post=21880"},{"taxonomy":"product_cat","embeddable":true,"href":"https:\/\/www.sammelmarken.de\/index.php?rest_route=%2Fwp%2Fv2%2Fproduct_cat&post=21880"},{"taxonomy":"product_tag","embeddable":true,"href":"https:\/\/www.sammelmarken.de\/index.php?rest_route=%2Fwp%2Fv2%2Fproduct_tag&post=21880"}],"curies":[{"name":"wp","href":"https:\/\/api.w.org\/{rel}","templated":true}]}}