{"id":2676,"date":"2019-11-30T15:04:55","date_gmt":"2019-11-30T13:04:55","guid":{"rendered":"http:\/\/www.sammelmarken.de\/?post_type=product&#038;p=2676"},"modified":"2023-10-28T15:39:51","modified_gmt":"2023-10-28T13:39:51","slug":"boehmen-maehren-dienstmarken-michel-nr-4-ziffernzeichnung-60-h-gestempelt","status":"publish","type":"product","link":"https:\/\/www.sammelmarken.de\/?product=boehmen-maehren-dienstmarken-michel-nr-4-ziffernzeichnung-60-h-gestempelt","title":{"rendered":"B\u00f6hmen &#038; M\u00e4hren Dienstmarken: Michel-Nr. 4, Ziffernzeichnung, 60 H., gestempelt"},"content":{"rendered":"<p>B\u00f6hmen &amp; M\u00e4hren Dienstmarken: Michel-Nr. 4, Ziffernzeichnung, 60 H., gestempelt<\/p>\n","protected":false},"excerpt":{"rendered":"<p>B\u00f6hmen &amp; M\u00e4hren Dienstmarken: Michel-Nr. 4, Ziffernzeichnung, 60 H., gestempelt<\/p>\n","protected":false},"featured_media":10920,"template":"","meta":[],"product_brand":[],"product_cat":[149],"product_tag":[],"class_list":{"0":"post-2676","1":"product","2":"type-product","3":"status-publish","4":"has-post-thumbnail","6":"product_cat-149","8":"first","9":"instock","10":"sold-individually","11":"shipping-taxable","12":"purchasable","13":"product-type-variable"},"jetpack_sharing_enabled":true,"_links":{"self":[{"href":"https:\/\/www.sammelmarken.de\/index.php?rest_route=\/wp\/v2\/product\/2676","targetHints":{"allow":["GET"]}}],"collection":[{"href":"https:\/\/www.sammelmarken.de\/index.php?rest_route=\/wp\/v2\/product"}],"about":[{"href":"https:\/\/www.sammelmarken.de\/index.php?rest_route=\/wp\/v2\/types\/product"}],"wp:featuredmedia":[{"embeddable":true,"href":"https:\/\/www.sammelmarken.de\/index.php?rest_route=\/wp\/v2\/media\/10920"}],"wp:attachment":[{"href":"https:\/\/www.sammelmarken.de\/index.php?rest_route=%2Fwp%2Fv2%2Fmedia&parent=2676"}],"wp:term":[{"taxonomy":"product_brand","embeddable":true,"href":"https:\/\/www.sammelmarken.de\/index.php?rest_route=%2Fwp%2Fv2%2Fproduct_brand&post=2676"},{"taxonomy":"product_cat","embeddable":true,"href":"https:\/\/www.sammelmarken.de\/index.php?rest_route=%2Fwp%2Fv2%2Fproduct_cat&post=2676"},{"taxonomy":"product_tag","embeddable":true,"href":"https:\/\/www.sammelmarken.de\/index.php?rest_route=%2Fwp%2Fv2%2Fproduct_tag&post=2676"}],"curies":[{"name":"wp","href":"https:\/\/api.w.org\/{rel}","templated":true}]}}