{"id":3524,"date":"2019-12-04T03:03:11","date_gmt":"2019-12-04T01:03:11","guid":{"rendered":"http:\/\/www.sammelmarken.de\/?post_type=product&#038;p=3524"},"modified":"2023-10-28T15:39:30","modified_gmt":"2023-10-28T13:39:30","slug":"deutsches-reich-dienstmarken-michel-nr-19-dienstmarken-fuer-preussen-abloesungsziffer-21-in-den-ecken-20-pfg-gestempelt","status":"publish","type":"product","link":"https:\/\/www.sammelmarken.de\/?product=deutsches-reich-dienstmarken-michel-nr-19-dienstmarken-fuer-preussen-abloesungsziffer-21-in-den-ecken-20-pfg-gestempelt","title":{"rendered":"Deutsches Reich Dienstmarken: Michel-Nr. 19, Dienstmarken f\u00fcr Preu\u00dfen, Abl\u00f6sungsziffer \u00b421\u00b4 in den Ecken, 20 Pfg., gestempelt"},"content":{"rendered":"<p>Deutsches Reich Dienstmarken: Michel-Nr. 19, Dienstmarken f\u00fcr Preu\u00dfen, Abl\u00f6sungsziffer \u00b421\u00b4 in den Ecken, 20 Pfg., gestempelt<\/p>\n<p><em>Hinweis: Die Dienstmarken mit den Michel-Nummern 16 bis 98 wurden in der Inflationszeit ausgegeben. Bei diesen Marken wird keinerlei Garantie f\u00fcr die Echtheit der Stempel abgegeben, au\u00dfer die Marken sind gepr\u00fcft. Dies ist im Einzelfall angegeben.<\/em><\/p>\n","protected":false},"excerpt":{"rendered":"<p>Deutsches Reich Dienstmarken: Michel-Nr. 19, Dienstmarken f\u00fcr Preu\u00dfen, Abl\u00f6sungsziffer \u00b421\u00b4 in den Ecken, 20 Pfg., gestempelt Hinweis: Die Dienstmarken mit den Michel-Nummern 16 bis 98 wurden in der Inflationszeit ausgegeben. Bei diesen Marken wird keinerlei Garantie f\u00fcr die Echtheit der Stempel abgegeben, au\u00dfer die Marken sind gepr\u00fcft. Dies ist im Einzelfall angegeben.<\/p>\n","protected":false},"featured_media":3531,"template":"","meta":[],"product_brand":[],"product_cat":[75],"product_tag":[],"class_list":{"0":"post-3524","1":"product","2":"type-product","3":"status-publish","4":"has-post-thumbnail","6":"product_cat-75","8":"first","9":"instock","10":"sold-individually","11":"shipping-taxable","12":"purchasable","13":"product-type-variable","14":"has-default-attributes"},"jetpack_sharing_enabled":true,"_links":{"self":[{"href":"https:\/\/www.sammelmarken.de\/index.php?rest_route=\/wp\/v2\/product\/3524","targetHints":{"allow":["GET"]}}],"collection":[{"href":"https:\/\/www.sammelmarken.de\/index.php?rest_route=\/wp\/v2\/product"}],"about":[{"href":"https:\/\/www.sammelmarken.de\/index.php?rest_route=\/wp\/v2\/types\/product"}],"wp:featuredmedia":[{"embeddable":true,"href":"https:\/\/www.sammelmarken.de\/index.php?rest_route=\/wp\/v2\/media\/3531"}],"wp:attachment":[{"href":"https:\/\/www.sammelmarken.de\/index.php?rest_route=%2Fwp%2Fv2%2Fmedia&parent=3524"}],"wp:term":[{"taxonomy":"product_brand","embeddable":true,"href":"https:\/\/www.sammelmarken.de\/index.php?rest_route=%2Fwp%2Fv2%2Fproduct_brand&post=3524"},{"taxonomy":"product_cat","embeddable":true,"href":"https:\/\/www.sammelmarken.de\/index.php?rest_route=%2Fwp%2Fv2%2Fproduct_cat&post=3524"},{"taxonomy":"product_tag","embeddable":true,"href":"https:\/\/www.sammelmarken.de\/index.php?rest_route=%2Fwp%2Fv2%2Fproduct_tag&post=3524"}],"curies":[{"name":"wp","href":"https:\/\/api.w.org\/{rel}","templated":true}]}}