{"id":3747,"date":"2019-12-05T01:01:58","date_gmt":"2019-12-04T23:01:58","guid":{"rendered":"http:\/\/www.sammelmarken.de\/?post_type=product&#038;p=3747"},"modified":"2023-10-28T15:39:26","modified_gmt":"2023-10-28T13:39:26","slug":"deutsches-reich-dienstmarken-michel-nr-48-dienstmarken-von-bayern-mit-aufdruck-deutsches-reich-150-mk-gestempelt","status":"publish","type":"product","link":"https:\/\/www.sammelmarken.de\/?product=deutsches-reich-dienstmarken-michel-nr-48-dienstmarken-von-bayern-mit-aufdruck-deutsches-reich-150-mk-gestempelt","title":{"rendered":"Deutsches Reich Dienstmarken: Michel-Nr. 48, Dienstmarken von Bayern mit Aufdruck \u00b4Deutsches Reich\u00b4, 1,50 Mk., gestempelt"},"content":{"rendered":"<p>Deutsches Reich Dienstmarken: Michel-Nr. 48, Dienstmarken von Bayern mit Aufdruck \u00b4Deutsches Reich\u00b4, 1,50 Mk., gestempelt<\/p>\n<p><em>Hinweis: Die Dienstmarken mit den Michel-Nummern 16 bis 98 wurden in der Inflationszeit ausgegeben. Bei diesen Marken wird keinerlei Garantie f\u00fcr die Echtheit der Stempel abgegeben, au\u00dfer die Marken sind gepr\u00fcft. Dies ist im Einzelfall angegeben.<\/em><\/p>\n","protected":false},"excerpt":{"rendered":"<p>Deutsches Reich Dienstmarken: Michel-Nr. 48, Dienstmarken von Bayern mit Aufdruck \u00b4Deutsches Reich\u00b4, 1,50 Mk., gestempelt Hinweis: Die Dienstmarken mit den Michel-Nummern 16 bis 98 wurden in der Inflationszeit ausgegeben. Bei diesen Marken wird keinerlei Garantie f\u00fcr die Echtheit der Stempel abgegeben, au\u00dfer die Marken sind gepr\u00fcft. Dies ist im Einzelfall angegeben.<\/p>\n","protected":false},"featured_media":3739,"template":"","meta":[],"product_brand":[],"product_cat":[75],"product_tag":[],"class_list":{"0":"post-3747","1":"product","2":"type-product","3":"status-publish","4":"has-post-thumbnail","6":"product_cat-75","8":"first","9":"instock","10":"sold-individually","11":"shipping-taxable","12":"purchasable","13":"product-type-variable","14":"has-default-attributes"},"jetpack_sharing_enabled":true,"_links":{"self":[{"href":"https:\/\/www.sammelmarken.de\/index.php?rest_route=\/wp\/v2\/product\/3747","targetHints":{"allow":["GET"]}}],"collection":[{"href":"https:\/\/www.sammelmarken.de\/index.php?rest_route=\/wp\/v2\/product"}],"about":[{"href":"https:\/\/www.sammelmarken.de\/index.php?rest_route=\/wp\/v2\/types\/product"}],"wp:featuredmedia":[{"embeddable":true,"href":"https:\/\/www.sammelmarken.de\/index.php?rest_route=\/wp\/v2\/media\/3739"}],"wp:attachment":[{"href":"https:\/\/www.sammelmarken.de\/index.php?rest_route=%2Fwp%2Fv2%2Fmedia&parent=3747"}],"wp:term":[{"taxonomy":"product_brand","embeddable":true,"href":"https:\/\/www.sammelmarken.de\/index.php?rest_route=%2Fwp%2Fv2%2Fproduct_brand&post=3747"},{"taxonomy":"product_cat","embeddable":true,"href":"https:\/\/www.sammelmarken.de\/index.php?rest_route=%2Fwp%2Fv2%2Fproduct_cat&post=3747"},{"taxonomy":"product_tag","embeddable":true,"href":"https:\/\/www.sammelmarken.de\/index.php?rest_route=%2Fwp%2Fv2%2Fproduct_tag&post=3747"}],"curies":[{"name":"wp","href":"https:\/\/api.w.org\/{rel}","templated":true}]}}