{"id":3844,"date":"2019-12-07T01:01:54","date_gmt":"2019-12-06T23:01:54","guid":{"rendered":"http:\/\/www.sammelmarken.de\/?post_type=product&#038;p=3844"},"modified":"2023-10-28T15:39:24","modified_gmt":"2023-10-28T13:39:24","slug":"deutsches-reich-michel-nr-199-deutsche-gewerbeschau-muenchen-1-1-4-mk-gestempelt","status":"publish","type":"product","link":"https:\/\/www.sammelmarken.de\/?product=deutsches-reich-michel-nr-199-deutsche-gewerbeschau-muenchen-1-1-4-mk-gestempelt","title":{"rendered":"Deutsches Reich: Michel-Nr. 199, Deutsche Gewerbeschau M\u00fcnchen, 1 1\/4 Mk., gestempelt"},"content":{"rendered":"<p>Deutsches Reich: Michel-Nr. 199, Deutsche Gewerbeschau M\u00fcnchen, 1 1\/4 Mk., gestempelt<\/p>\n<p><em>Hinweis: Die Marken mit den Michel-Nummern 98 bis 337 wurden in der Inflationszeit ausgegeben. Bei diesen Marken wird keinerlei Garantie f\u00fcr die Echtheit der Stempel abgegeben, au\u00dfer die Marken sind gepr\u00fcft. Dies ist im Einzelfall angegeben.<\/em><\/p>\n","protected":false},"excerpt":{"rendered":"<p>Deutsches Reich: Michel-Nr. 199, Deutsche Gewerbeschau M\u00fcnchen, 1 1\/4 Mk., gestempelt Hinweis: Die Marken mit den Michel-Nummern 98 bis 337 wurden in der Inflationszeit ausgegeben. Bei diesen Marken wird keinerlei Garantie f\u00fcr die Echtheit der Stempel abgegeben, au\u00dfer die Marken sind gepr\u00fcft. Dies ist im Einzelfall angegeben.<\/p>\n","protected":false},"featured_media":3854,"template":"","meta":[],"product_brand":[],"product_cat":[74],"product_tag":[],"class_list":{"0":"post-3844","1":"product","2":"type-product","3":"status-publish","4":"has-post-thumbnail","6":"product_cat-74","8":"first","9":"instock","10":"sold-individually","11":"shipping-taxable","12":"purchasable","13":"product-type-variable","14":"has-default-attributes"},"jetpack_sharing_enabled":true,"_links":{"self":[{"href":"https:\/\/www.sammelmarken.de\/index.php?rest_route=\/wp\/v2\/product\/3844","targetHints":{"allow":["GET"]}}],"collection":[{"href":"https:\/\/www.sammelmarken.de\/index.php?rest_route=\/wp\/v2\/product"}],"about":[{"href":"https:\/\/www.sammelmarken.de\/index.php?rest_route=\/wp\/v2\/types\/product"}],"wp:featuredmedia":[{"embeddable":true,"href":"https:\/\/www.sammelmarken.de\/index.php?rest_route=\/wp\/v2\/media\/3854"}],"wp:attachment":[{"href":"https:\/\/www.sammelmarken.de\/index.php?rest_route=%2Fwp%2Fv2%2Fmedia&parent=3844"}],"wp:term":[{"taxonomy":"product_brand","embeddable":true,"href":"https:\/\/www.sammelmarken.de\/index.php?rest_route=%2Fwp%2Fv2%2Fproduct_brand&post=3844"},{"taxonomy":"product_cat","embeddable":true,"href":"https:\/\/www.sammelmarken.de\/index.php?rest_route=%2Fwp%2Fv2%2Fproduct_cat&post=3844"},{"taxonomy":"product_tag","embeddable":true,"href":"https:\/\/www.sammelmarken.de\/index.php?rest_route=%2Fwp%2Fv2%2Fproduct_tag&post=3844"}],"curies":[{"name":"wp","href":"https:\/\/api.w.org\/{rel}","templated":true}]}}