{"id":5128,"date":"2019-12-11T15:49:56","date_gmt":"2019-12-11T13:49:56","guid":{"rendered":"http:\/\/www.sammelmarken.de\/?post_type=product&#038;p=5128"},"modified":"2024-06-24T17:24:33","modified_gmt":"2024-06-24T15:24:33","slug":"deutsches-reich-michel-nr-115-repraesentative-darstellung-des-deutschen-kaiserreichs-vi-250-mk-gestempelt","status":"publish","type":"product","link":"https:\/\/www.sammelmarken.de\/?product=deutsches-reich-michel-nr-115-repraesentative-darstellung-des-deutschen-kaiserreichs-vi-250-mk-gestempelt","title":{"rendered":"Deutsches Reich: Michel-Nr. 115, Repr\u00e4sentative Darstellung des Deutschen Kaiserreichs (VI), 2,50 Mk., gestempelt"},"content":{"rendered":"<p>Deutsches Reich: Michel-Nr. 115, Repr\u00e4sentative Darstellung des Deutschen Kaiserreichs (VI), 2,50 Mk., gestempelt<\/p>\n<p><em>Hinweis: Die Marken mit den Michel-Nummern 98 bis 337 wurden in der Inflationszeit ausgegeben. Bei diesen Marken wird keinerlei Garantie f\u00fcr die Echtheit der Stempel abgegeben, au\u00dfer die Marken sind gepr\u00fcft. Dies ist im Einzelfall angegeben.<\/em><\/p>\n","protected":false},"excerpt":{"rendered":"<p>Deutsches Reich: Michel-Nr. 115, Repr\u00e4sentative Darstellung des Deutschen Kaiserreichs (VI), 2,50 Mk., gestempelt Hinweis: Die Marken mit den Michel-Nummern 98 bis 337 wurden in der Inflationszeit ausgegeben. Bei diesen Marken wird keinerlei Garantie f\u00fcr die Echtheit der Stempel abgegeben, au\u00dfer die Marken sind gepr\u00fcft. Dies ist im Einzelfall angegeben.<\/p>\n","protected":false},"featured_media":16210,"template":"","meta":[],"product_brand":[],"product_cat":[74],"product_tag":[],"class_list":{"0":"post-5128","1":"product","2":"type-product","3":"status-publish","4":"has-post-thumbnail","6":"product_cat-74","8":"first","9":"instock","10":"sold-individually","11":"shipping-taxable","12":"purchasable","13":"product-type-variable"},"jetpack_sharing_enabled":true,"_links":{"self":[{"href":"https:\/\/www.sammelmarken.de\/index.php?rest_route=\/wp\/v2\/product\/5128","targetHints":{"allow":["GET"]}}],"collection":[{"href":"https:\/\/www.sammelmarken.de\/index.php?rest_route=\/wp\/v2\/product"}],"about":[{"href":"https:\/\/www.sammelmarken.de\/index.php?rest_route=\/wp\/v2\/types\/product"}],"wp:featuredmedia":[{"embeddable":true,"href":"https:\/\/www.sammelmarken.de\/index.php?rest_route=\/wp\/v2\/media\/16210"}],"wp:attachment":[{"href":"https:\/\/www.sammelmarken.de\/index.php?rest_route=%2Fwp%2Fv2%2Fmedia&parent=5128"}],"wp:term":[{"taxonomy":"product_brand","embeddable":true,"href":"https:\/\/www.sammelmarken.de\/index.php?rest_route=%2Fwp%2Fv2%2Fproduct_brand&post=5128"},{"taxonomy":"product_cat","embeddable":true,"href":"https:\/\/www.sammelmarken.de\/index.php?rest_route=%2Fwp%2Fv2%2Fproduct_cat&post=5128"},{"taxonomy":"product_tag","embeddable":true,"href":"https:\/\/www.sammelmarken.de\/index.php?rest_route=%2Fwp%2Fv2%2Fproduct_tag&post=5128"}],"curies":[{"name":"wp","href":"https:\/\/api.w.org\/{rel}","templated":true}]}}