{"id":5257,"date":"2019-12-13T13:50:34","date_gmt":"2019-12-13T11:50:34","guid":{"rendered":"http:\/\/www.sammelmarken.de\/?post_type=product&#038;p=5257"},"modified":"2023-10-28T15:37:45","modified_gmt":"2023-10-28T13:37:45","slug":"deutsches-reich-dienstmarken-michel-nr-89-ziffern-mit-aufdruck-der-neuen-wertstufe-geprueft-gestempelt","status":"publish","type":"product","link":"https:\/\/www.sammelmarken.de\/?product=deutsches-reich-dienstmarken-michel-nr-89-ziffern-mit-aufdruck-der-neuen-wertstufe-geprueft-gestempelt","title":{"rendered":"Deutsches Reich Dienstmarken: Michel-Nr. 89, Ziffern mit Aufdruck der neuen Wertstufe, gepr\u00fcft, gestempelt"},"content":{"rendered":"<p>Deutsches Reich Dienstmarken: Michel-Nr. 89, Ziffern mit Aufdruck der neuen Wertstufe, gestempelt<\/p>\n<p>gepr\u00fcft &#8222;Infla Berlin&#8220;<\/p>\n<p><em>Hinweis: Die Dienstmarken mit den Michel-Nummern 16 bis 98 wurden in der Inflationszeit ausgegeben. Bei diesen Marken wird keinerlei Garantie f\u00fcr die Echtheit der Stempel abgegeben, au\u00dfer die Marken sind gepr\u00fcft. Dies ist im Einzelfall angegeben.<\/em><\/p>\n","protected":false},"excerpt":{"rendered":"<p>Deutsches Reich Dienstmarken: Michel-Nr. 89, Ziffern mit Aufdruck der neuen Wertstufe, gestempelt gepr\u00fcft &#8222;Infla Berlin&#8220; Hinweis: Die Dienstmarken mit den Michel-Nummern 16 bis 98 wurden in der Inflationszeit ausgegeben. Bei diesen Marken wird keinerlei Garantie f\u00fcr die Echtheit der Stempel abgegeben, au\u00dfer die Marken sind gepr\u00fcft. Dies ist im Einzelfall angegeben.<\/p>\n","protected":false},"featured_media":5259,"template":"","meta":[],"product_brand":[],"product_cat":[75],"product_tag":[],"class_list":{"0":"post-5257","1":"product","2":"type-product","3":"status-publish","4":"has-post-thumbnail","6":"product_cat-75","8":"first","9":"instock","10":"sold-individually","11":"shipping-taxable","12":"purchasable","13":"product-type-variable"},"jetpack_sharing_enabled":true,"_links":{"self":[{"href":"https:\/\/www.sammelmarken.de\/index.php?rest_route=\/wp\/v2\/product\/5257","targetHints":{"allow":["GET"]}}],"collection":[{"href":"https:\/\/www.sammelmarken.de\/index.php?rest_route=\/wp\/v2\/product"}],"about":[{"href":"https:\/\/www.sammelmarken.de\/index.php?rest_route=\/wp\/v2\/types\/product"}],"wp:featuredmedia":[{"embeddable":true,"href":"https:\/\/www.sammelmarken.de\/index.php?rest_route=\/wp\/v2\/media\/5259"}],"wp:attachment":[{"href":"https:\/\/www.sammelmarken.de\/index.php?rest_route=%2Fwp%2Fv2%2Fmedia&parent=5257"}],"wp:term":[{"taxonomy":"product_brand","embeddable":true,"href":"https:\/\/www.sammelmarken.de\/index.php?rest_route=%2Fwp%2Fv2%2Fproduct_brand&post=5257"},{"taxonomy":"product_cat","embeddable":true,"href":"https:\/\/www.sammelmarken.de\/index.php?rest_route=%2Fwp%2Fv2%2Fproduct_cat&post=5257"},{"taxonomy":"product_tag","embeddable":true,"href":"https:\/\/www.sammelmarken.de\/index.php?rest_route=%2Fwp%2Fv2%2Fproduct_tag&post=5257"}],"curies":[{"name":"wp","href":"https:\/\/api.w.org\/{rel}","templated":true}]}}