{"id":7110,"date":"2020-01-29T13:50:12","date_gmt":"2020-01-29T11:50:12","guid":{"rendered":"http:\/\/www.sammelmarken.de\/?post_type=product&#038;p=7110"},"modified":"2023-10-28T15:37:10","modified_gmt":"2023-10-28T13:37:10","slug":"deutsches-reich-michel-nr-254-ziffern-im-queroval-3000-mk-gestempelt","status":"publish","type":"product","link":"https:\/\/www.sammelmarken.de\/?product=deutsches-reich-michel-nr-254-ziffern-im-queroval-3000-mk-gestempelt","title":{"rendered":"Deutsches Reich: Michel-Nr. 254, Ziffern im Queroval, 3000 Mk., gestempelt"},"content":{"rendered":"<p>Deutsches Reich: Michel-Nr. 254, Ziffern im Queroval, 3000 Mk., gestempelt<\/p>\n<p><em>Hinweis: Die Marken mit den Michel-Nummern 98 bis 337 wurden in der Inflationszeit ausgegeben. Bei diesen Marken wird keinerlei Garantie f\u00fcr die Echtheit der Stempel abgegeben, au\u00dfer die Marken sind gepr\u00fcft. Dies ist im Einzelfall angegeben.<\/em><\/p>\n","protected":false},"excerpt":{"rendered":"<p>Deutsches Reich: Michel-Nr. 254, Ziffern im Queroval, 3000 Mk., gestempelt Hinweis: Die Marken mit den Michel-Nummern 98 bis 337 wurden in der Inflationszeit ausgegeben. Bei diesen Marken wird keinerlei Garantie f\u00fcr die Echtheit der Stempel abgegeben, au\u00dfer die Marken sind gepr\u00fcft. Dies ist im Einzelfall angegeben.<\/p>\n","protected":false},"featured_media":7113,"template":"","meta":[],"product_brand":[],"product_cat":[74],"product_tag":[],"class_list":{"0":"post-7110","1":"product","2":"type-product","3":"status-publish","4":"has-post-thumbnail","6":"product_cat-74","8":"first","9":"instock","10":"sold-individually","11":"shipping-taxable","12":"purchasable","13":"product-type-variable"},"jetpack_sharing_enabled":true,"_links":{"self":[{"href":"https:\/\/www.sammelmarken.de\/index.php?rest_route=\/wp\/v2\/product\/7110","targetHints":{"allow":["GET"]}}],"collection":[{"href":"https:\/\/www.sammelmarken.de\/index.php?rest_route=\/wp\/v2\/product"}],"about":[{"href":"https:\/\/www.sammelmarken.de\/index.php?rest_route=\/wp\/v2\/types\/product"}],"wp:featuredmedia":[{"embeddable":true,"href":"https:\/\/www.sammelmarken.de\/index.php?rest_route=\/wp\/v2\/media\/7113"}],"wp:attachment":[{"href":"https:\/\/www.sammelmarken.de\/index.php?rest_route=%2Fwp%2Fv2%2Fmedia&parent=7110"}],"wp:term":[{"taxonomy":"product_brand","embeddable":true,"href":"https:\/\/www.sammelmarken.de\/index.php?rest_route=%2Fwp%2Fv2%2Fproduct_brand&post=7110"},{"taxonomy":"product_cat","embeddable":true,"href":"https:\/\/www.sammelmarken.de\/index.php?rest_route=%2Fwp%2Fv2%2Fproduct_cat&post=7110"},{"taxonomy":"product_tag","embeddable":true,"href":"https:\/\/www.sammelmarken.de\/index.php?rest_route=%2Fwp%2Fv2%2Fproduct_tag&post=7110"}],"curies":[{"name":"wp","href":"https:\/\/api.w.org\/{rel}","templated":true}]}}