{"id":910,"date":"2019-09-30T21:49:27","date_gmt":"2019-09-30T19:49:27","guid":{"rendered":"http:\/\/shop.sammelmarken.de\/?post_type=product&#038;p=910"},"modified":"2025-02-09T14:28:23","modified_gmt":"2025-02-09T13:28:23","slug":"versandzusatzleistung-wertbrief","status":"publish","type":"product","link":"https:\/\/www.sammelmarken.de\/?product=versandzusatzleistung-wertbrief","title":{"rendered":"Versandzusatzleistung &#8222;Wertbrief&#8220;"},"content":{"rendered":"<p><img data-recalc-dims=\"1\" loading=\"lazy\" decoding=\"async\" class=\"alignnone wp-image-1194 size-thumbnail\" src=\"https:\/\/i0.wp.com\/www.sammelmarken.de\/wp-content\/uploads\/2019\/09\/Wertbrief_768x426px-150x150.jpg?resize=150%2C150\" alt=\"\" width=\"150\" height=\"150\" srcset=\"https:\/\/i0.wp.com\/www.sammelmarken.de\/wp-content\/uploads\/2019\/09\/Wertbrief_768x426px.jpg?resize=150%2C150&amp;ssl=1 150w, https:\/\/i0.wp.com\/www.sammelmarken.de\/wp-content\/uploads\/2019\/09\/Wertbrief_768x426px.jpg?resize=100%2C100&amp;ssl=1 100w, https:\/\/i0.wp.com\/www.sammelmarken.de\/wp-content\/uploads\/2019\/09\/Wertbrief_768x426px.jpg?zoom=2&amp;resize=150%2C150&amp;ssl=1 300w, https:\/\/i0.wp.com\/www.sammelmarken.de\/wp-content\/uploads\/2019\/09\/Wertbrief_768x426px.jpg?zoom=3&amp;resize=150%2C150&amp;ssl=1 450w\" sizes=\"auto, (max-width: 150px) 100vw, 150px\" \/>\u00a0 \u00a0 \u00a0Auf Wunsch wird Ihre Bestellung per Wertbrief versandt. F\u00fcr 4,45 Euro Aufpreis.<\/p>\n<div class=\"richtext textblock dp-table native-swipeable \">\n<p>&nbsp;<\/p>\n<ul class=\" checkmark size-12\">\n<li>Haftung bis 500 \u20ac<\/li>\n<li>Einlieferungsbeleg und schriftliche Empfangsbest\u00e4tigung<\/li>\n<li>Sendungsverfolgung bis zum Empf\u00e4nger<\/li>\n<\/ul>\n<p>Sie m\u00fcssen bei der Zustellung anwesend sein und den Empfang unterschreiben. Sollten Sie nicht zuhause sein, liegt die Sendung in Ihrer Filiale zur Abholung bereit.<\/p>\n<\/div>\n","protected":false},"excerpt":{"rendered":"<p>\u00a0 \u00a0 \u00a0Auf Wunsch wird Ihre Bestellung per Wertbrief versandt. F\u00fcr 4,45 Euro Aufpreis. &nbsp; Haftung bis 500 \u20ac Einlieferungsbeleg und schriftliche Empfangsbest\u00e4tigung Sendungsverfolgung bis zum Empf\u00e4nger Sie m\u00fcssen bei der Zustellung anwesend sein und den Empfang unterschreiben. Sollten Sie nicht zuhause sein, liegt die Sendung in Ihrer Filiale zur Abholung bereit.<\/p>\n","protected":false},"featured_media":1194,"template":"","meta":[],"product_brand":[],"product_cat":[301],"product_tag":[],"class_list":{"0":"post-910","1":"product","2":"type-product","3":"status-publish","4":"has-post-thumbnail","6":"product_cat-service","8":"first","9":"instock","10":"sold-individually","11":"shipping-taxable","12":"purchasable","13":"product-type-simple"},"jetpack_sharing_enabled":true,"_links":{"self":[{"href":"https:\/\/www.sammelmarken.de\/index.php?rest_route=\/wp\/v2\/product\/910","targetHints":{"allow":["GET"]}}],"collection":[{"href":"https:\/\/www.sammelmarken.de\/index.php?rest_route=\/wp\/v2\/product"}],"about":[{"href":"https:\/\/www.sammelmarken.de\/index.php?rest_route=\/wp\/v2\/types\/product"}],"wp:featuredmedia":[{"embeddable":true,"href":"https:\/\/www.sammelmarken.de\/index.php?rest_route=\/wp\/v2\/media\/1194"}],"wp:attachment":[{"href":"https:\/\/www.sammelmarken.de\/index.php?rest_route=%2Fwp%2Fv2%2Fmedia&parent=910"}],"wp:term":[{"taxonomy":"product_brand","embeddable":true,"href":"https:\/\/www.sammelmarken.de\/index.php?rest_route=%2Fwp%2Fv2%2Fproduct_brand&post=910"},{"taxonomy":"product_cat","embeddable":true,"href":"https:\/\/www.sammelmarken.de\/index.php?rest_route=%2Fwp%2Fv2%2Fproduct_cat&post=910"},{"taxonomy":"product_tag","embeddable":true,"href":"https:\/\/www.sammelmarken.de\/index.php?rest_route=%2Fwp%2Fv2%2Fproduct_tag&post=910"}],"curies":[{"name":"wp","href":"https:\/\/api.w.org\/{rel}","templated":true}]}}